{"id":468,"date":"2024-10-24T11:11:03","date_gmt":"2024-10-24T08:11:03","guid":{"rendered":"https:\/\/pasaj.sivildusun.net\/?page_id=468"},"modified":"2025-01-03T17:43:38","modified_gmt":"2025-01-03T14:43:38","slug":"programme","status":"publish","type":"page","link":"https:\/\/pasaj.sivildusun.net\/1\/en\/programme\/","title":{"rendered":"Programme"},"content":{"rendered":"\t\t<div data-elementor-type=\"wp-page\" data-elementor-id=\"468\" class=\"elementor elementor-468\" data-elementor-post-type=\"page\">\n\t\t\t\t<div data-particle_enable=\"false\" data-particle-mobile-disabled=\"false\" class=\"elementor-element elementor-element-7c21d90 e-flex e-con-boxed e-con e-parent\" data-id=\"7c21d90\" data-element_type=\"container\">\n\t\t\t\t\t<div class=\"e-con-inner\">\n\t\t<div data-particle_enable=\"false\" data-particle-mobile-disabled=\"false\" class=\"elementor-element elementor-element-f4756fc e-con-full e-flex e-con e-child\" data-id=\"f4756fc\" data-element_type=\"container\">\n\t\t\t\t<div class=\"elementor-element elementor-element-1d4db6b elementor-widget elementor-widget-heading\" data-id=\"1d4db6b\" data-element_type=\"widget\" data-widget_type=\"heading.default\">\n\t\t\t\t<div class=\"elementor-widget-container\">\n\t\t\t\t\t<h2 class=\"elementor-heading-title elementor-size-default\">Programme<\/h2>\t\t\t\t<\/div>\n\t\t\t\t<\/div>\n\t\t\t\t<div class=\"elementor-element elementor-element-ef33d3c elementor-widget elementor-widget-text-editor\" data-id=\"ef33d3c\" data-element_type=\"widget\" data-widget_type=\"text-editor.default\">\n\t\t\t\t<div class=\"elementor-widget-container\">\n\t\t\t\t\t\t\t\t\t<p><span style=\"font-weight: 400;\">Challenges to the international legal order, geopolitical conditions, climate change, income inequality and technology have brought the international human rights system to an inflection point. Across the world, human rights advocates in civil society, politics, public service, law, business, arts, and science are calling for a renewal of the global human rights agenda. The Pasaj Forum gathered representatives of the human rights ecosystem in T\u00fcrkiye to discuss these challenges and what they mean for the future of human rights work. Together, we have explored the possibilities for renewal on the anniversary of the passage of the Universal Declaration of Human Rights.<\/span><\/p>\t\t\t\t\t\t\t\t<\/div>\n\t\t\t\t<\/div>\n\t\t\t\t<\/div>\n\t\t<div data-particle_enable=\"false\" data-particle-mobile-disabled=\"false\" class=\"elementor-element elementor-element-3017fd3 e-con-full e-flex e-con e-child\" data-id=\"3017fd3\" data-element_type=\"container\">\n\t\t\t\t<div class=\"elementor-element elementor-element-e32b9fc elementor-widget elementor-widget-heading\" data-id=\"e32b9fc\" data-element_type=\"widget\" data-widget_type=\"heading.default\">\n\t\t\t\t<div class=\"elementor-widget-container\">\n\t\t\t\t\t<h2 class=\"elementor-heading-title elementor-size-default\">MONDAY, 9 DECEMBER<\/h2>\t\t\t\t<\/div>\n\t\t\t\t<\/div>\n\t\t\t\t<div class=\"elementor-element elementor-element-165d596 elementor-widget elementor-widget-eael-content-timeline\" data-id=\"165d596\" data-element_type=\"widget\" data-widget_type=\"eael-content-timeline.default\">\n\t\t\t\t<div class=\"elementor-widget-container\">\n\t\t\t\t\t\t\t<div id=\"eael-content-timeline-165d596\" class=\"content-timeline-layout-right date-position-outside horizontal-timeline-wrapper\" data-slide_to_scroll=\"{&quot;desktop&quot;:1,&quot;mobile&quot;:1,&quot;tablet&quot;:1}\">\n\t\t\t<div class=\"eael-content-timeline-container\">\n\t\t\t\t<div class=\"eael-content-timeline-container\">\n\t\t\t\t\t\t\t\t\t\t\t\t\t\t\t\t\t\t\t\t\t\t\t<div class=\"eael-content-timeline-block\">\n    <div class=\"eael-content-timeline-line\">\n        <div class=\"eael-content-timeline-inner\"><\/div>\n    <\/div>\n    <div class=\"eael-content-timeline-img eael-picture \"><img decoding=\"async\" class=\"content-timeline-bullet-svg\" src=\"https:\/\/pasaj.sivildusun.net\/1\/wp-content\/uploads\/2024\/10\/left-pasaj-iconsvg.svg\" alt=\"\" \/><\/div><div class=\"eael-content-timeline-content\"><h2 class=\"eael-timeline-title\"><a>Human Rights Day Celebration Reception<\/a><\/h2><p><strong>Speaker<\/strong><\/p><p><b>Jean Barb\u00e9<\/b> <span style=\"font-weight: 400\">| <\/span><span style=\"font-weight: 400\">Head of Operational Section Civil Society, Fundamental Rights, Judiciary and Home Affairs, EU Delegation to T\u00fcrkiye<\/span><\/p><a href=\"https:\/\/www.google.com\/maps\/place\/\/data=!4m2!3m1!1s0x14cab7614c3b2d53:0xcc6734cb34a2e600?sa=X&#038;ved=1t:8290&#038;ictx=111\" class=\"eael-read-more\" target=\"_blank\">@ Rumeli Han Passage<\/a><span class=\"eael-date\">19.30<\/span><\/div><\/div>\t\t\t\t\t\t\t\t\t\t\t\t\t\t\t\t\t\t<div class=\"eael-content-timeline-block\">\n    <div class=\"eael-content-timeline-line\">\n        <div class=\"eael-content-timeline-inner\"><\/div>\n    <\/div>\n    <div class=\"eael-content-timeline-img eael-picture \"><img decoding=\"async\" class=\"content-timeline-bullet-svg\" src=\"https:\/\/pasaj.sivildusun.net\/1\/wp-content\/uploads\/2024\/10\/left-pasaj-iconsvg.svg\" alt=\"\" \/><\/div><div class=\"eael-content-timeline-content\"><h2 class=\"eael-timeline-title\"><a href=\"\">End of the day<\/a><\/h2><span class=\"eael-date\">21.30<\/span><\/div><\/div>\t\t\t\t<\/div>\n\t\t\t<\/div>\n\t\t<\/div>\n\t\t\t\t\t<\/div>\n\t\t\t\t<\/div>\n\t\t\t\t<\/div>\n\t\t<div data-particle_enable=\"false\" data-particle-mobile-disabled=\"false\" class=\"elementor-element elementor-element-32d12f3 e-con-full e-flex e-con e-child\" data-id=\"32d12f3\" data-element_type=\"container\">\n\t\t\t\t<div class=\"elementor-element elementor-element-ff98ef5 elementor-widget elementor-widget-heading\" data-id=\"ff98ef5\" data-element_type=\"widget\" data-widget_type=\"heading.default\">\n\t\t\t\t<div class=\"elementor-widget-container\">\n\t\t\t\t\t<h2 class=\"elementor-heading-title elementor-size-default\">TUESDAY, 10 DECEMBER<\/h2>\t\t\t\t<\/div>\n\t\t\t\t<\/div>\n\t\t\t\t<div class=\"elementor-element elementor-element-2e236fc elementor-widget elementor-widget-eael-content-timeline\" data-id=\"2e236fc\" data-element_type=\"widget\" data-widget_type=\"eael-content-timeline.default\">\n\t\t\t\t<div class=\"elementor-widget-container\">\n\t\t\t\t\t\t\t<div id=\"eael-content-timeline-2e236fc\" class=\"content-timeline-layout-right date-position-outside horizontal-timeline-wrapper\" data-slide_to_scroll=\"{&quot;desktop&quot;:1,&quot;mobile&quot;:1,&quot;tablet&quot;:1}\">\n\t\t\t<div class=\"eael-content-timeline-container\">\n\t\t\t\t<div class=\"eael-content-timeline-container\">\n\t\t\t\t\t\t\t\t\t\t\t\t\t\t\t\t\t\t\t\t\t\t\t<div class=\"eael-content-timeline-block\">\n    <div class=\"eael-content-timeline-line\">\n        <div class=\"eael-content-timeline-inner\"><\/div>\n    <\/div>\n    <div class=\"eael-content-timeline-img eael-picture \"><img decoding=\"async\" class=\"content-timeline-bullet-svg\" src=\"https:\/\/pasaj.sivildusun.net\/1\/wp-content\/uploads\/2024\/10\/left-pasaj-iconsvg.svg\" alt=\"\" \/><\/div><div class=\"eael-content-timeline-content\"><h2 class=\"eael-timeline-title\"><a>Opening of the Sivil D\u00fc\u015f\u00fcn Pasaj Forum<\/a><\/h2><p><span style=\"color: #808080\"><strong>Speakers<\/strong><\/span><\/p><p><b>Dilek Ert\u00fckel<\/b><span style=\"font-weight: 400\"> | Team Leader, European Union Sivil D\u00fc\u015f\u00fcn Programme\u00a0<\/span><\/p><p><b>Alessandro Angius<\/b><span style=\"font-weight: 400\"> | Programme Manager, Civil Society, Fundamental Rights, Judiciary and Home Affairs, <\/span><span style=\"font-weight: 400\">EU Delegation to T\u00fcrkiye<\/span><span style=\"font-weight: 400\">\u00a0<\/span><\/p><p><span style=\"color: #808080\"><strong>Forum Moderator<\/strong><\/span><\/p><p><b>Prof Nezih Orhon<\/b><span style=\"font-weight: 400\"> | Faculty of Communications, Anadolu University<\/span><\/p><a href=\"https:\/\/maps.app.goo.gl\/FJbTfNEgQn1VXZzw8\" class=\"eael-read-more\" target=\"_blank\">@THE MARMARA TAKSIM - TAKSIM BALLROOM<\/a><span class=\"eael-date\">10.00<\/span><\/div><\/div>\t\t\t\t\t\t\t\t\t\t\t\t\t\t\t\t\t\t<div class=\"eael-content-timeline-block\">\n    <div class=\"eael-content-timeline-line\">\n        <div class=\"eael-content-timeline-inner\"><\/div>\n    <\/div>\n    <div class=\"eael-content-timeline-img eael-picture \"><img decoding=\"async\" class=\"content-timeline-bullet-svg\" src=\"https:\/\/pasaj.sivildusun.net\/1\/wp-content\/uploads\/2024\/10\/left-pasaj-iconsvg.svg\" alt=\"\" \/><\/div><div class=\"eael-content-timeline-content\"><h2 class=\"eael-timeline-title\"><a>The Global Human Rights Agenda:  Are We on the Cusp of Change? <\/a><\/h2><p><span style=\"font-weight: 400\">Leading international thinkers and policy influencers will share insights on this moment in history and possibilities for renewing the global human rights agenda.<\/span><b><\/b><\/p><p><b>Speakers<\/b><\/p><p><strong>David <span>Griffiths<\/span><\/strong><b>\u00a0<\/b><span style=\"font-weight: 400\">| <\/span>Fellow, author, and strategic consultant with the International Law Programme at Chatham House, International Crises Group, Human Rights Watch, and TrustWorks Global.\u00a0 Former Director of the office of the General Secretary at the International Secretariat of Amnesty International<\/p><p><b>Dr. Vandana Shiva <\/b><span style=\"font-weight: 400\">| Physicist, environmental thinker and activist, founder of the Navdanya Science, Technology and Ecology Research Institute of India, board member at the World Future Council, author of <\/span><i><span style=\"font-weight: 400\">Violence of the Green Revolution<\/span><\/i><\/p><p><b>Prof. Cristina Vanberghen<\/b><span style=\"font-weight: 400\"> |\u00a0Academician at the European University Institute, senior expert at the European Commission on digitalization, AI, consumer policy, and cybersecurity, former Secretary of State for Justice for Romania<\/span><\/p><p><b>Thomas Lahnthaler<\/b><span style=\"font-weight: 400\"> |\u00a0International humanitarian with expertise in disruption management, resilience, leadership<\/span><b>,<\/b><span style=\"font-weight: 400\"> and human-centric design; founding member of the Octopus Movement, lecturer at Oslo Nye H\u00f8yskole, author of <\/span><i><span style=\"font-weight: 400\">Navigating Beyond Crises<\/span><\/i><\/p><a href=\"https:\/\/maps.app.goo.gl\/FJbTfNEgQn1VXZzw8\" class=\"eael-read-more\" target=\"_blank\">@THE MARMARA TAKSIM - TAKSIM BALLROOM<\/a><span class=\"eael-date\">10.20<\/span><\/div><\/div>\t\t\t\t\t\t\t\t\t\t\t\t\t\t\t\t\t\t<div class=\"eael-content-timeline-block\">\n    <div class=\"eael-content-timeline-line\">\n        <div class=\"eael-content-timeline-inner\"><\/div>\n    <\/div>\n    <div class=\"eael-content-timeline-img eael-picture \"><img decoding=\"async\" class=\"content-timeline-bullet-svg\" src=\"https:\/\/pasaj.sivildusun.net\/1\/wp-content\/uploads\/2024\/10\/left-pasaj-iconsvg.svg\" alt=\"\" \/><\/div><div class=\"eael-content-timeline-content\"><h2 class=\"eael-timeline-title\"><a href=\"\">Break<\/a><\/h2><span class=\"eael-date\">11.50<\/span><\/div><\/div>\t\t\t\t\t\t\t\t\t\t\t\t\t\t\t\t\t\t<div class=\"eael-content-timeline-block\">\n    <div class=\"eael-content-timeline-line\">\n        <div class=\"eael-content-timeline-inner\"><\/div>\n    <\/div>\n    <div class=\"eael-content-timeline-img eael-picture \"><img decoding=\"async\" class=\"content-timeline-bullet-svg\" src=\"https:\/\/pasaj.sivildusun.net\/1\/wp-content\/uploads\/2024\/10\/left-pasaj-iconsvg.svg\" alt=\"\" \/><\/div><div class=\"eael-content-timeline-content\"><h2 class=\"eael-timeline-title\"><a>Your Perspectives on Renewing the Global Human Rights Agenda <\/a><\/h2><p><span style=\"font-weight: 400\">Audience members will exchange perspectives and pose questions about the future of the global human rights agenda in an open mic discussion with <strong>David Griffiths, <\/strong><\/span><b>Vandana Shiva, Cristina Vanberghen <\/b>and <b>Thomas Lahnthaler.<\/b><\/p><p><b>Moderator<\/b><\/p><p><b><\/b><b>Dilan Kaya Ta\u015fdelen<\/b><span style=\"font-weight: 400\"> | Urban planner and advocate for cultural preservation, author of <\/span><i><span style=\"font-weight: 400\">Destruction in the Tigris Valley and Hevsel Garden<\/span><\/i><\/p><a href=\"https:\/\/maps.app.goo.gl\/FJbTfNEgQn1VXZzw8\" class=\"eael-read-more\" target=\"_blank\">@THE MARMARA TAKSIM - TAKSIM BALLROOM<\/a><span class=\"eael-date\">12.15<\/span><\/div><\/div>\t\t\t\t\t\t\t\t\t\t\t\t\t\t\t\t\t\t<div class=\"eael-content-timeline-block\">\n    <div class=\"eael-content-timeline-line\">\n        <div class=\"eael-content-timeline-inner\"><\/div>\n    <\/div>\n    <div class=\"eael-content-timeline-img eael-picture \"><img decoding=\"async\" class=\"content-timeline-bullet-svg\" src=\"https:\/\/pasaj.sivildusun.net\/1\/wp-content\/uploads\/2024\/10\/left-pasaj-iconsvg.svg\" alt=\"\" \/><\/div><div class=\"eael-content-timeline-content\"><h2 class=\"eael-timeline-title\"><a>Lunch<\/a><\/h2><a href=\"https:\/\/maps.app.goo.gl\/54Vh26YNm4nhR3Bi7\" class=\"eael-read-more\" target=\"_blank\">@ \u00c7i\u00e7ek Passage<\/a><span class=\"eael-date\">13.00<\/span><\/div><\/div>\t\t\t\t\t\t\t\t\t\t\t\t\t\t\t\t\t\t<div class=\"eael-content-timeline-block\">\n    <div class=\"eael-content-timeline-line\">\n        <div class=\"eael-content-timeline-inner\"><\/div>\n    <\/div>\n    <div class=\"eael-content-timeline-img eael-picture \"><img decoding=\"async\" class=\"content-timeline-bullet-svg\" src=\"https:\/\/pasaj.sivildusun.net\/1\/wp-content\/uploads\/2024\/10\/left-pasaj-iconsvg.svg\" alt=\"\" \/><\/div><div class=\"eael-content-timeline-content\"><h2 class=\"eael-timeline-title\"><a>The Human Rights Ecosystem in T\u00fcrkiye:  Adapting to Global Developments and Pathways for Renewal <\/a><\/h2><p><span style=\"font-weight: 400\">In breakout sessions, participants will discuss the impacts of global changes on human rights in T\u00fcrkiye and explore strategies for leveraging opportunities and mitigating risks. Chatham House Rules will be applied in these sessions.<\/span><\/p><p><span style=\"text-decoration: underline\"><b>Discussion Room I\u00a0\u00a0<\/b><\/span><\/p><p><b>Human Rights Agenda: T\u00fcrkiye and the International Legal Order<\/b><\/p><p><span style=\"font-weight: 400\">How will challenges to the international order play out in T\u00fcrkiye?\u00a0 How will priorities, strategies and tactics for human rights advocacy be impacted?\u00a0<\/span><\/p><p><b>Speakers<\/b><\/p><p><b>Ruhat Sena Ak\u015fener<\/b><span style=\"font-weight: 400\"> | T\u00fcrkiye Director of Amnesty International<\/span><\/p><p><b>Soli \u00d6zel<\/b><span style=\"font-weight: 400\"> |\u00a0International affairs expert, academician, and columnist\u00a0<\/span><\/p><p><b>Moderator<\/b><\/p><p><b>Nevzat Ta\u015f\u00e7\u0131<\/b><span style=\"font-weight: 400\"> | Campaign Director of Aray\u00fcz Campaign<\/span><\/p><p><span style=\"text-decoration: underline\"><b>Discussion Room II<\/b><\/span><\/p><p><b>Human Rights Agenda: T\u00fcrkiye and Climate Change\u00a0\u00a0<\/b><\/p><p><span style=\"font-weight: 400\">To what extent are concerns about climate change, income inequality and a just transition relevant to conditions in T\u00fcrkiye?\u00a0 Have these issues entered the public\u2019s awareness and legislative\/political agenda of the country? What does this suggest for human rights advocacy?<\/span><\/p><p><b>Speakers<\/b><\/p><p><b>Defne Kory\u00fcrek<\/b><span style=\"font-weight: 400\"> | Former Slow Food International council member, ecology activist and columnist<\/span><\/p><p><b>\u00dcmit \u015eahin<\/b><span style=\"font-weight: 400\"> | Coordinator for Climate Change Research, Istanbul Policy Centre at Sabanci University\u00a0<\/span><\/p><p><b>Moderator<\/b><\/p><p><b>Kemal Vural Tarlan<\/b><span style=\"font-weight: 400\"> | Documentary photographer, researcher, and coordinator of K\u0131rkayak K\u00fclt\u00fcr<\/span><\/p><p><span style=\"text-decoration: underline\"><b>Discussion Room III<\/b><\/span><\/p><p><b>The Human Rights Agenda: T\u00fcrkiye and Technology<\/b><\/p><p><span style=\"font-weight: 400\">How is technology impacting lives and the rights of people in T\u00fcrkiye? What is the status of the regulatory framework? What do AI and other technology advancements protend? Is technology on the agenda of human rights advocates?<\/span><\/p><p><b>Speakers<\/b><\/p><p><b>Prof Yaman Akdeniz<\/b><span style=\"font-weight: 400\">\u00a0| Faculty of Law<\/span><b>,<\/b><span style=\"font-weight: 400\"> Bilgi University, founder of CyberRights.org <\/span><span style=\"font-weight: 400\"><br \/><\/span><b>Handan Uslu<\/b><span style=\"font-weight: 400\"> | Founder of G\u00f6zlemevi, former strategist at Google Trust and Safety<\/span><\/p><p><b>Moderator<\/b><\/p><p><b>Hazal Kartalkanat I <\/b>Programme Manager, Imece<\/p><p><span style=\"text-decoration: underline\"><b>Discussion Room IV<\/b><\/span><\/p><p><b>The Human Rights Agenda: T\u00fcrkiye and Shrinking Space<\/b><\/p><p><span style=\"font-weight: 400\">What breakthroughs are possible to open space for advocacy and freedom of expression?\u00a0 How can we challenge ourselves to rethink strategies and tactics? What are the options today and for the future?<\/span><span style=\"font-weight: 400\"><br \/><\/span><b><\/b><\/p><p><b>Speakers<\/b><\/p><p><b>Berk Butan <\/b><span style=\"font-weight: 400\">| Community Leader and Senior Campaign Strategist, Portfolio Manager at Greenpeace International<\/span><\/p><p><b><\/b><b>Meltem Aslan<\/b><span style=\"font-weight: 400\"> | Founding member and co-director of Haf\u0131za Merkezi<\/span><\/p><p><b>Moderator<\/b><\/p><p><b>Umut Derin Ero\u011flan<\/b><span style=\"font-weight: 400\"> | Documentary film maker and coordinator of Muamma LGBTI+ A<\/span>ssociation<\/p><p><span style=\"text-decoration: underline\"><b>Discussion Room V<\/b><\/span><\/p><p><strong>The Human Rights Agenda: T\u00fcrkiye and Business<\/strong><\/p><p>International agreements and the public policy initiatives of regional, national, and local governments play a crucial role in ensuring that the private sector contributes to advancing human rights and sustainability goals. For example, the EU\u2019s new <em>Corporate Sustainability Due Diligence Directive<\/em> (CS3D) calls for strengthened corporate diligence measures to identify, end, prevent, mitigate, and account for adverse human rights and environmental impacts. How can policy initiatives of this kind strengthen the private sector\u2019s role in the human rights and climate agenda?<\/p><p><b>Speakers<\/b><\/p><p><strong>B\u00fcrge Akbulut<\/strong> | Child Rights and Labour Expert, Founder of Humanist B\u00fcro, Author and Editor of <em>Human Rights Due Diligence for Small and Medium Enterprises<\/em><\/p><p><strong>Gamze G\u00f6k\u00e7en Karasu Pilevne<\/strong> <span style=\"font-weight: 400\">| <\/span>General Counsel and Environment, Social and Corporate Governance Coordinator for Mercedes-Benz T\u00fcrk<\/p><p><b>Moderator<\/b><\/p><p><strong>\u00c7i\u011fdem \u00c7imrin<\/strong> <span style=\"font-weight: 400\">|<\/span> Founder and Executive Director, Business and Human Rights Association<\/p><a href=\"https:\/\/maps.app.goo.gl\/FJbTfNEgQn1VXZzw8\" class=\"eael-read-more\" target=\"_blank\">@ The Marmara taksim - Meeting Room<\/a><span class=\"eael-date\">14.30<\/span><\/div><\/div>\t\t\t\t\t\t\t\t\t\t\t\t\t\t\t\t\t\t<div class=\"eael-content-timeline-block\">\n    <div class=\"eael-content-timeline-line\">\n        <div class=\"eael-content-timeline-inner\"><\/div>\n    <\/div>\n    <div class=\"eael-content-timeline-img eael-picture \"><img decoding=\"async\" class=\"content-timeline-bullet-svg\" src=\"https:\/\/pasaj.sivildusun.net\/1\/wp-content\/uploads\/2024\/10\/left-pasaj-iconsvg.svg\" alt=\"\" \/><\/div><div class=\"eael-content-timeline-content\"><h2 class=\"eael-timeline-title\"><a>Break<\/a><\/h2><span class=\"eael-date\">16.15<\/span><\/div><\/div>\t\t\t\t\t\t\t\t\t\t\t\t\t\t\t\t\t\t<div class=\"eael-content-timeline-block\">\n    <div class=\"eael-content-timeline-line\">\n        <div class=\"eael-content-timeline-inner\"><\/div>\n    <\/div>\n    <div class=\"eael-content-timeline-img eael-picture \"><img decoding=\"async\" class=\"content-timeline-bullet-svg\" src=\"https:\/\/pasaj.sivildusun.net\/1\/wp-content\/uploads\/2024\/10\/left-pasaj-iconsvg.svg\" alt=\"\" \/><\/div><div class=\"eael-content-timeline-content\"><h2 class=\"eael-timeline-title\"><a>Working Session: Bringing T\u00fcrkiye\u2019s Experience into the Global Discussion<\/a><\/h2><p>For those interested in what\u2019s next, join diverse leading human rights advocates to discuss integrating Turkiye\u2019s human rights experience and insights into the international discussion on renewing the global human rights agenda. Ensure your views are included in a collection of essays SD will produce with these advocates for publication.<\/p><p><b>Speakers<\/b><span style=\"font-weight: 400\"><br \/><\/span><b>Fulden Ergen<\/b><span style=\"font-weight: 400\"> | Digital communications strategist and co-host of <\/span><i><span style=\"font-weight: 400\">\u00dczerine Bir \u015eeyler Podcast<\/span><\/i><span style=\"font-weight: 400\">\u00a0<\/span><\/p><p><b>Gaye Tu\u011frul\u00f6z <\/b><span style=\"font-weight: 400\">| Chair of the Board, S<\/span>ocial Climate Association<\/p><p><b>G\u00fclin \u00c7avu\u015f<\/b><span style=\"font-weight: 400\"> |\u00a0Journalist, Yapay G\u00fcndem founder, and TEY\u0130T co-founder<\/span><\/p><p><b>Veysel Ok<\/b><span style=\"font-weight: 400\"> |\u00a0Lawyer and Director, Media and Law Studies Association<\/span><\/p><p><b>\u00d6zlem Alt\u0131parmak <\/b>| Lawyer, Ankara University Climate Law Coordinator, <span style=\"font-weight: 400\">HUDOTO<\/span> Foundation Founder Director<\/p><p><b>Moderator<\/b><\/p><p><b>Dilek Ert\u00fckel<\/b><span style=\"font-weight: 400\"> |\u00a0Team leader, European Union Sivil D\u00fc\u015f\u00fcn Programme<\/span><\/p><a href=\"https:\/\/maps.app.goo.gl\/FJbTfNEgQn1VXZzw8\" class=\"eael-read-more\" target=\"_blank\">@THE MARMARA TAKSIM - TAKSIM BALLROOM<\/a><span class=\"eael-date\">16.30<\/span><\/div><\/div>\t\t\t\t\t\t\t\t\t\t\t\t\t\t\t\t\t\t<div class=\"eael-content-timeline-block\">\n    <div class=\"eael-content-timeline-line\">\n        <div class=\"eael-content-timeline-inner\"><\/div>\n    <\/div>\n    <div class=\"eael-content-timeline-img eael-picture \"><img decoding=\"async\" class=\"content-timeline-bullet-svg\" src=\"https:\/\/pasaj.sivildusun.net\/1\/wp-content\/uploads\/2024\/10\/left-pasaj-iconsvg.svg\" alt=\"\" \/><\/div><div class=\"eael-content-timeline-content\"><h2 class=\"eael-timeline-title\"><a>End of the forum<\/a><\/h2><span class=\"eael-date\">17.30<\/span><\/div><\/div>\t\t\t\t<\/div>\n\t\t\t<\/div>\n\t\t<\/div>\n\t\t\t\t\t<\/div>\n\t\t\t\t<\/div>\n\t\t\t\t<\/div>\n\t\t\t\t\t<\/div>\n\t\t\t\t<\/div>\n\t\t\t\t<\/div>\n\t\t","protected":false},"excerpt":{"rendered":"<p>Challenges to the international legal order, geopolitical conditions, climate change, income inequality and technology have brought the international human rights system to an inflection point. Across the world, human rights advocates in civil society, politics, public service, law, business, arts, and science are calling for a renewal of the global human rights agenda. The Pasaj [&hellip;]<\/p>\n","protected":false},"author":2,"featured_media":0,"parent":0,"menu_order":0,"comment_status":"closed","ping_status":"closed","template":"elementor_header_footer","meta":{"footnotes":""},"class_list":["post-468","page","type-page","status-publish","hentry"],"_links":{"self":[{"href":"https:\/\/pasaj.sivildusun.net\/1\/wp-json\/wp\/v2\/pages\/468","targetHints":{"allow":["GET"]}}],"collection":[{"href":"https:\/\/pasaj.sivildusun.net\/1\/wp-json\/wp\/v2\/pages"}],"about":[{"href":"https:\/\/pasaj.sivildusun.net\/1\/wp-json\/wp\/v2\/types\/page"}],"author":[{"embeddable":true,"href":"https:\/\/pasaj.sivildusun.net\/1\/wp-json\/wp\/v2\/users\/2"}],"replies":[{"embeddable":true,"href":"https:\/\/pasaj.sivildusun.net\/1\/wp-json\/wp\/v2\/comments?post=468"}],"version-history":[{"count":86,"href":"https:\/\/pasaj.sivildusun.net\/1\/wp-json\/wp\/v2\/pages\/468\/revisions"}],"predecessor-version":[{"id":1645,"href":"https:\/\/pasaj.sivildusun.net\/1\/wp-json\/wp\/v2\/pages\/468\/revisions\/1645"}],"wp:attachment":[{"href":"https:\/\/pasaj.sivildusun.net\/1\/wp-json\/wp\/v2\/media?parent=468"}],"curies":[{"name":"wp","href":"https:\/\/api.w.org\/{rel}","templated":true}]}}