{"id":291,"date":"2024-10-21T15:00:29","date_gmt":"2024-10-21T12:00:29","guid":{"rendered":"https:\/\/pasaj.sivildusun.net\/ana-sayfa-english\/"},"modified":"2025-01-03T17:42:05","modified_gmt":"2025-01-03T14:42:05","slug":"home","status":"publish","type":"page","link":"https:\/\/pasaj.sivildusun.net\/1\/en\/home\/","title":{"rendered":"Home"},"content":{"rendered":"\t\t<div data-elementor-type=\"wp-page\" data-elementor-id=\"291\" class=\"elementor elementor-291\" data-elementor-post-type=\"page\">\n\t\t\t\t<div data-particle_enable=\"false\" data-particle-mobile-disabled=\"false\" class=\"elementor-element elementor-element-3d8072f e-con-full e-flex e-con e-parent\" data-id=\"3d8072f\" data-element_type=\"container\" data-settings=\"{&quot;background_background&quot;:&quot;classic&quot;}\">\n\t\t<div data-particle_enable=\"false\" data-particle-mobile-disabled=\"false\" class=\"elementor-element elementor-element-e386805 e-flex e-con-boxed e-con e-child\" data-id=\"e386805\" data-element_type=\"container\">\n\t\t\t\t\t<div class=\"e-con-inner\">\n\t\t\t\t<div class=\"elementor-element elementor-element-222711f elementor-widget elementor-widget-video\" data-id=\"222711f\" data-element_type=\"widget\" data-settings=\"{&quot;video_type&quot;:&quot;hosted&quot;,&quot;autoplay&quot;:&quot;yes&quot;,&quot;play_on_mobile&quot;:&quot;yes&quot;,&quot;mute&quot;:&quot;yes&quot;,&quot;loop&quot;:&quot;yes&quot;}\" data-widget_type=\"video.default\">\n\t\t\t\t<div class=\"elementor-widget-container\">\n\t\t\t\t\t\t\t<div class=\"e-hosted-video elementor-wrapper elementor-open-inline\">\n\t\t\t\t\t<video class=\"elementor-video\" src=\"https:\/\/pasaj.sivildusun.net\/1\/wp-content\/uploads\/2024\/10\/Pasaj_LogoAni_Yatay_Siyah_ENG.mp4\" autoplay=\"\" loop=\"\" muted=\"muted\" playsinline=\"\" controlsList=\"nodownload\"><\/video>\n\t\t\t\t<\/div>\n\t\t\t\t\t\t<\/div>\n\t\t\t\t<\/div>\n\t\t\t\t\t<\/div>\n\t\t\t\t<\/div>\n\t\t\t\t<\/div>\n\t\t<div data-particle_enable=\"false\" data-particle-mobile-disabled=\"false\" class=\"elementor-element elementor-element-ce336b7 e-flex e-con-boxed e-con e-parent\" data-id=\"ce336b7\" data-element_type=\"container\">\n\t\t\t\t\t<div class=\"e-con-inner\">\n\t\t\t\t<div class=\"elementor-element elementor-element-ea75395 elementor-widget elementor-widget-spacer\" data-id=\"ea75395\" data-element_type=\"widget\" data-widget_type=\"spacer.default\">\n\t\t\t\t<div class=\"elementor-widget-container\">\n\t\t\t\t\t\t\t<div class=\"elementor-spacer\">\n\t\t\t<div class=\"elementor-spacer-inner\"><\/div>\n\t\t<\/div>\n\t\t\t\t\t\t<\/div>\n\t\t\t\t<\/div>\n\t\t\t\t<div class=\"elementor-element elementor-element-4bcee9a elementor-widget elementor-widget-heading\" data-id=\"4bcee9a\" data-element_type=\"widget\" data-widget_type=\"heading.default\">\n\t\t\t\t<div class=\"elementor-widget-container\">\n\t\t\t\t\t<h2 class=\"elementor-heading-title elementor-size-default\">Sivil D\u00fc\u015f\u00fcn PASAJ Forum: Towards A Renewal of the Global Human Rights Agenda<br>\nDecember 9-10, 2024 | Istanbul<\/h2>\t\t\t\t<\/div>\n\t\t\t\t<\/div>\n\t\t\t\t<div class=\"elementor-element elementor-element-c7749c8 elementor-widget elementor-widget-text-editor\" data-id=\"c7749c8\" data-element_type=\"widget\" data-widget_type=\"text-editor.default\">\n\t\t\t\t<div class=\"elementor-widget-container\">\n\t\t\t\t\t\t\t\t\t<p style=\"font-weight: 400;\">Challenges to the international legal order, geopolitical conditions, climate change, income inequality, and technology have brought the international human rights system to an inflection point. Across the world, human rights advocates in civil society, politics, public service, law, business, arts, and science are calling for a renewal of the global human rights agenda. The Pasaj Forum gathered representatives of the human rights ecosystem in T\u00fcrkiye to discuss these challenges and what they mean for the future of human rights work. Together, we explored the possibilities for renewal on the 76<sup>th<\/sup> anniversary of the Universal Declaration of Human Rights.<\/p>\t\t\t\t\t\t\t\t<\/div>\n\t\t\t\t<\/div>\n\t\t\t\t<div class=\"elementor-element elementor-element-9067743 elementor-widget elementor-widget-spacer\" data-id=\"9067743\" data-element_type=\"widget\" data-widget_type=\"spacer.default\">\n\t\t\t\t<div class=\"elementor-widget-container\">\n\t\t\t\t\t\t\t<div class=\"elementor-spacer\">\n\t\t\t<div class=\"elementor-spacer-inner\"><\/div>\n\t\t<\/div>\n\t\t\t\t\t\t<\/div>\n\t\t\t\t<\/div>\n\t\t\t\t<div class=\"elementor-element elementor-element-5656320 elementor-widget elementor-widget-spacer\" data-id=\"5656320\" data-element_type=\"widget\" data-widget_type=\"spacer.default\">\n\t\t\t\t<div class=\"elementor-widget-container\">\n\t\t\t\t\t\t\t<div class=\"elementor-spacer\">\n\t\t\t<div class=\"elementor-spacer-inner\"><\/div>\n\t\t<\/div>\n\t\t\t\t\t\t<\/div>\n\t\t\t\t<\/div>\n\t\t<div data-particle_enable=\"false\" data-particle-mobile-disabled=\"false\" class=\"elementor-element elementor-element-8f33189 e-grid e-con-boxed e-con e-child\" data-id=\"8f33189\" data-element_type=\"container\">\n\t\t\t\t\t<div class=\"e-con-inner\">\n\t\t<div data-particle_enable=\"false\" data-particle-mobile-disabled=\"false\" class=\"elementor-element elementor-element-374a29d e-flex e-con-boxed e-con e-child\" data-id=\"374a29d\" data-element_type=\"container\">\n\t\t\t\t\t<div class=\"e-con-inner\">\n\t\t\t\t<div class=\"elementor-element elementor-element-4137a5f elementor-widget__width-initial elementor-widget elementor-widget-image\" data-id=\"4137a5f\" data-element_type=\"widget\" data-widget_type=\"image.default\">\n\t\t\t\t<div class=\"elementor-widget-container\">\n\t\t\t\t\t\t\t\t\t\t\t\t\t\t\t<img decoding=\"async\" width=\"300\" height=\"131\" src=\"https:\/\/pasaj.sivildusun.net\/1\/wp-content\/uploads\/2024\/12\/k1-e1734952230345-300x131.png\" class=\"attachment-medium size-medium wp-image-1605\" alt=\"\" srcset=\"https:\/\/pasaj.sivildusun.net\/1\/wp-content\/uploads\/2024\/12\/k1-e1734952230345-300x131.png 300w, https:\/\/pasaj.sivildusun.net\/1\/wp-content\/uploads\/2024\/12\/k1-e1734952230345-768x336.png 768w, https:\/\/pasaj.sivildusun.net\/1\/wp-content\/uploads\/2024\/12\/k1-e1734952230345.png 818w\" sizes=\"(max-width: 300px) 100vw, 300px\" \/>\t\t\t\t\t\t\t\t\t\t\t\t\t\t\t<\/div>\n\t\t\t\t<\/div>\n\t\t\t\t\t<\/div>\n\t\t\t\t<\/div>\n\t\t<div data-particle_enable=\"false\" data-particle-mobile-disabled=\"false\" class=\"elementor-element elementor-element-0bd4e4f e-flex e-con-boxed e-con e-child\" data-id=\"0bd4e4f\" data-element_type=\"container\">\n\t\t\t\t\t<div class=\"e-con-inner\">\n\t\t\t\t<div class=\"elementor-element elementor-element-d2467d3 elementor-widget elementor-widget-text-editor\" data-id=\"d2467d3\" data-element_type=\"widget\" data-widget_type=\"text-editor.default\">\n\t\t\t\t<div class=\"elementor-widget-container\">\n\t\t\t\t\t\t\t\t\t<p style=\"font-weight: 400;\">Sivil D\u00fc\u015f\u00fcn has been creating spaces for dialogue on a journey from past to future by organising forums that encourage the exchange of perspectives, ideas, and methods, fostering both debate and new collaborations for many years. On 10 December, Human Rights Day, we gathered at PASAJ to reflect on the echoes of the past, reassess them in today\u2019s context, and chart a path forward for the future.<\/p>\t\t\t\t\t\t\t\t<\/div>\n\t\t\t\t<\/div>\n\t\t\t\t\t<\/div>\n\t\t\t\t<\/div>\n\t\t\t\t\t<\/div>\n\t\t\t\t<\/div>\n\t\t\t\t<div class=\"elementor-element elementor-element-376f7dd elementor-widget elementor-widget-spacer\" data-id=\"376f7dd\" data-element_type=\"widget\" data-widget_type=\"spacer.default\">\n\t\t\t\t<div class=\"elementor-widget-container\">\n\t\t\t\t\t\t\t<div class=\"elementor-spacer\">\n\t\t\t<div class=\"elementor-spacer-inner\"><\/div>\n\t\t<\/div>\n\t\t\t\t\t\t<\/div>\n\t\t\t\t<\/div>\n\t\t<div data-particle_enable=\"false\" data-particle-mobile-disabled=\"false\" class=\"elementor-element elementor-element-6882911 e-con-full e-grid e-con e-child\" data-id=\"6882911\" data-element_type=\"container\">\n\t\t<div data-particle_enable=\"false\" data-particle-mobile-disabled=\"false\" class=\"elementor-element elementor-element-5494f01 e-flex e-con-boxed e-con e-child\" data-id=\"5494f01\" data-element_type=\"container\">\n\t\t\t\t\t<div class=\"e-con-inner\">\n\t\t\t\t<div class=\"elementor-element elementor-element-ea49b5a elementor-widget__width-initial elementor-widget elementor-widget-image\" data-id=\"ea49b5a\" data-element_type=\"widget\" data-widget_type=\"image.default\">\n\t\t\t\t<div class=\"elementor-widget-container\">\n\t\t\t\t\t\t\t\t\t\t\t\t\t\t\t<img decoding=\"async\" width=\"300\" height=\"148\" src=\"https:\/\/pasaj.sivildusun.net\/1\/wp-content\/uploads\/2024\/12\/k2-e1734952276175-300x148.png\" class=\"attachment-medium size-medium wp-image-1606\" alt=\"\" srcset=\"https:\/\/pasaj.sivildusun.net\/1\/wp-content\/uploads\/2024\/12\/k2-e1734952276175-300x148.png 300w, https:\/\/pasaj.sivildusun.net\/1\/wp-content\/uploads\/2024\/12\/k2-e1734952276175.png 740w\" sizes=\"(max-width: 300px) 100vw, 300px\" \/>\t\t\t\t\t\t\t\t\t\t\t\t\t\t\t<\/div>\n\t\t\t\t<\/div>\n\t\t\t\t\t<\/div>\n\t\t\t\t<\/div>\n\t\t<div data-particle_enable=\"false\" data-particle-mobile-disabled=\"false\" class=\"elementor-element elementor-element-98ad2e4 e-flex e-con-boxed e-con e-child\" data-id=\"98ad2e4\" data-element_type=\"container\">\n\t\t\t\t\t<div class=\"e-con-inner\">\n\t\t\t\t<div class=\"elementor-element elementor-element-465cd46 elementor-widget elementor-widget-text-editor\" data-id=\"465cd46\" data-element_type=\"widget\" data-widget_type=\"text-editor.default\">\n\t\t\t\t<div class=\"elementor-widget-container\">\n\t\t\t\t\t\t\t\t\t<p>We kicked off with a Human Rights Day Celebration Reception, expressing our hope for rights to remain strong and impartial in the new world. Throughout the forum, we discussed how human rights can be strengthened in the face of today\u2019s crises and challenges. To better adapt to changing circumstances together, we explored the needs, opportunities, challenges, and emerging horizons both in Turkey and across the globe.<\/p><p><a href=\"https:\/\/pasaj.sivildusun.net\/1\/yolculuk\/\">Discover how we navigated PASAJ in 9 key themes.<\/a><\/p>\t\t\t\t\t\t\t\t<\/div>\n\t\t\t\t<\/div>\n\t\t\t\t\t<\/div>\n\t\t\t\t<\/div>\n\t\t\t\t<\/div>\n\t\t\t\t<div class=\"elementor-element elementor-element-98511e8 elementor-widget elementor-widget-spacer\" data-id=\"98511e8\" data-element_type=\"widget\" data-widget_type=\"spacer.default\">\n\t\t\t\t<div class=\"elementor-widget-container\">\n\t\t\t\t\t\t\t<div class=\"elementor-spacer\">\n\t\t\t<div class=\"elementor-spacer-inner\"><\/div>\n\t\t<\/div>\n\t\t\t\t\t\t<\/div>\n\t\t\t\t<\/div>\n\t\t<div data-particle_enable=\"false\" data-particle-mobile-disabled=\"false\" class=\"elementor-element elementor-element-c4254a3 e-con-full e-grid e-con e-child\" data-id=\"c4254a3\" data-element_type=\"container\">\n\t\t<div data-particle_enable=\"false\" data-particle-mobile-disabled=\"false\" class=\"elementor-element elementor-element-fa2e1b4 e-flex e-con-boxed e-con e-child\" data-id=\"fa2e1b4\" data-element_type=\"container\">\n\t\t\t\t\t<div class=\"e-con-inner\">\n\t\t\t\t<div class=\"elementor-element elementor-element-d508d3d elementor-widget__width-initial elementor-widget elementor-widget-image\" data-id=\"d508d3d\" data-element_type=\"widget\" data-widget_type=\"image.default\">\n\t\t\t\t<div class=\"elementor-widget-container\">\n\t\t\t\t\t\t\t\t\t\t\t\t\t\t\t<img fetchpriority=\"high\" decoding=\"async\" width=\"300\" height=\"171\" src=\"https:\/\/pasaj.sivildusun.net\/1\/wp-content\/uploads\/2024\/12\/k3-e1734952320239-300x171.png\" class=\"attachment-medium size-medium wp-image-1607\" alt=\"\" srcset=\"https:\/\/pasaj.sivildusun.net\/1\/wp-content\/uploads\/2024\/12\/k3-e1734952320239-300x171.png 300w, https:\/\/pasaj.sivildusun.net\/1\/wp-content\/uploads\/2024\/12\/k3-e1734952320239.png 660w\" sizes=\"(max-width: 300px) 100vw, 300px\" \/>\t\t\t\t\t\t\t\t\t\t\t\t\t\t\t<\/div>\n\t\t\t\t<\/div>\n\t\t\t\t\t<\/div>\n\t\t\t\t<\/div>\n\t\t<div data-particle_enable=\"false\" data-particle-mobile-disabled=\"false\" class=\"elementor-element elementor-element-2a6cb60 e-flex e-con-boxed e-con e-child\" data-id=\"2a6cb60\" data-element_type=\"container\">\n\t\t\t\t\t<div class=\"e-con-inner\">\n\t\t\t\t<div class=\"elementor-element elementor-element-7c93610 elementor-widget elementor-widget-text-editor\" data-id=\"7c93610\" data-element_type=\"widget\" data-widget_type=\"text-editor.default\">\n\t\t\t\t<div class=\"elementor-widget-container\">\n\t\t\t\t\t\t\t\t\t<p>The programme took place at Rumeli Han Passage, \u00c7i\u00e7ek Passage, and The Marmara Taksim Hotel, all within a few minutes\u2019 walking distance of each other.<\/p><p><a href=\"https:\/\/pasaj.sivildusun.net\/1\/en\/venues\/\">Discover the inspiration behind the spirit of PASAJ<\/a><\/p>\t\t\t\t\t\t\t\t<\/div>\n\t\t\t\t<\/div>\n\t\t\t\t\t<\/div>\n\t\t\t\t<\/div>\n\t\t\t\t<\/div>\n\t\t\t\t<div class=\"elementor-element elementor-element-eeb8d97 elementor-widget elementor-widget-spacer\" data-id=\"eeb8d97\" data-element_type=\"widget\" data-widget_type=\"spacer.default\">\n\t\t\t\t<div class=\"elementor-widget-container\">\n\t\t\t\t\t\t\t<div class=\"elementor-spacer\">\n\t\t\t<div class=\"elementor-spacer-inner\"><\/div>\n\t\t<\/div>\n\t\t\t\t\t\t<\/div>\n\t\t\t\t<\/div>\n\t\t<div data-particle_enable=\"false\" data-particle-mobile-disabled=\"false\" class=\"elementor-element elementor-element-b01e224 e-con-full e-grid e-con e-child\" data-id=\"b01e224\" data-element_type=\"container\">\n\t\t<div data-particle_enable=\"false\" data-particle-mobile-disabled=\"false\" class=\"elementor-element elementor-element-2e15f4e e-flex e-con-boxed e-con e-child\" data-id=\"2e15f4e\" data-element_type=\"container\">\n\t\t\t\t\t<div class=\"e-con-inner\">\n\t\t\t\t<div class=\"elementor-element elementor-element-b6effe5 elementor-widget elementor-widget-image\" data-id=\"b6effe5\" data-element_type=\"widget\" data-widget_type=\"image.default\">\n\t\t\t\t<div class=\"elementor-widget-container\">\n\t\t\t\t\t\t\t\t\t\t\t\t\t\t\t<img loading=\"lazy\" decoding=\"async\" width=\"300\" height=\"157\" src=\"https:\/\/pasaj.sivildusun.net\/1\/wp-content\/uploads\/2024\/12\/k4-e1734952353423-300x157.png\" class=\"attachment-medium size-medium wp-image-1608\" alt=\"\" srcset=\"https:\/\/pasaj.sivildusun.net\/1\/wp-content\/uploads\/2024\/12\/k4-e1734952353423-300x157.png 300w, https:\/\/pasaj.sivildusun.net\/1\/wp-content\/uploads\/2024\/12\/k4-e1734952353423.png 758w\" sizes=\"(max-width: 300px) 100vw, 300px\" \/>\t\t\t\t\t\t\t\t\t\t\t\t\t\t\t<\/div>\n\t\t\t\t<\/div>\n\t\t\t\t\t<\/div>\n\t\t\t\t<\/div>\n\t\t<div data-particle_enable=\"false\" data-particle-mobile-disabled=\"false\" class=\"elementor-element elementor-element-a30c867 e-flex e-con-boxed e-con e-child\" data-id=\"a30c867\" data-element_type=\"container\">\n\t\t\t\t\t<div class=\"e-con-inner\">\n\t\t\t\t<div class=\"elementor-element elementor-element-507bba8 elementor-widget elementor-widget-text-editor\" data-id=\"507bba8\" data-element_type=\"widget\" data-widget_type=\"text-editor.default\">\n\t\t\t\t<div class=\"elementor-widget-container\">\n\t\t\t\t\t\t\t\t\t<div><p>Human rights defenders, academics, legal experts, and civil society representatives from Turkey and around the world joined participants at PASAJ to discuss the future of civil society both in Turkey and globally.<\/p><p><a href=\"https:\/\/pasaj.sivildusun.net\/1\/en\/speakers\/\">Get to know the speakers up close<\/a><\/p><\/div><div>\u00a0<\/div>\t\t\t\t\t\t\t\t<\/div>\n\t\t\t\t<\/div>\n\t\t\t\t\t<\/div>\n\t\t\t\t<\/div>\n\t\t\t\t<\/div>\n\t\t\t\t<div class=\"elementor-element elementor-element-efa42e3 elementor-widget elementor-widget-spacer\" data-id=\"efa42e3\" data-element_type=\"widget\" data-widget_type=\"spacer.default\">\n\t\t\t\t<div class=\"elementor-widget-container\">\n\t\t\t\t\t\t\t<div class=\"elementor-spacer\">\n\t\t\t<div class=\"elementor-spacer-inner\"><\/div>\n\t\t<\/div>\n\t\t\t\t\t\t<\/div>\n\t\t\t\t<\/div>\n\t\t<div data-particle_enable=\"false\" data-particle-mobile-disabled=\"false\" class=\"elementor-element elementor-element-dffc7bc e-con-full e-grid e-con e-child\" data-id=\"dffc7bc\" data-element_type=\"container\">\n\t\t<div data-particle_enable=\"false\" data-particle-mobile-disabled=\"false\" class=\"elementor-element elementor-element-90e4bcf e-flex e-con-boxed e-con e-child\" data-id=\"90e4bcf\" data-element_type=\"container\">\n\t\t\t\t\t<div class=\"e-con-inner\">\n\t\t\t\t<div class=\"elementor-element elementor-element-39c6dae elementor-widget elementor-widget-image\" data-id=\"39c6dae\" data-element_type=\"widget\" data-widget_type=\"image.default\">\n\t\t\t\t<div class=\"elementor-widget-container\">\n\t\t\t\t\t\t\t\t\t\t\t\t\t\t\t<img loading=\"lazy\" decoding=\"async\" width=\"300\" height=\"147\" src=\"https:\/\/pasaj.sivildusun.net\/1\/wp-content\/uploads\/2024\/12\/k5-e1734952379921-300x147.png\" class=\"attachment-medium size-medium wp-image-1609\" alt=\"\" srcset=\"https:\/\/pasaj.sivildusun.net\/1\/wp-content\/uploads\/2024\/12\/k5-e1734952379921-300x147.png 300w, https:\/\/pasaj.sivildusun.net\/1\/wp-content\/uploads\/2024\/12\/k5-e1734952379921.png 672w\" sizes=\"(max-width: 300px) 100vw, 300px\" \/>\t\t\t\t\t\t\t\t\t\t\t\t\t\t\t<\/div>\n\t\t\t\t<\/div>\n\t\t\t\t\t<\/div>\n\t\t\t\t<\/div>\n\t\t<div data-particle_enable=\"false\" data-particle-mobile-disabled=\"false\" class=\"elementor-element elementor-element-49b86fc e-flex e-con-boxed e-con e-child\" data-id=\"49b86fc\" data-element_type=\"container\">\n\t\t\t\t\t<div class=\"e-con-inner\">\n\t\t\t\t<div class=\"elementor-element elementor-element-a45ae7a elementor-widget elementor-widget-text-editor\" data-id=\"a45ae7a\" data-element_type=\"widget\" data-widget_type=\"text-editor.default\">\n\t\t\t\t<div class=\"elementor-widget-container\">\n\t\t\t\t\t\t\t\t\t<p>In the vibrant atmosphere of PASAJ, created by those who think, produce, and work for rights, we were colourful, diverse, and full of enthusiasm.<\/p><p><a href=\"https:\/\/pasaj.sivildusun.net\/1\/kimler-katildi\/\">Explore<\/a><\/p>\t\t\t\t\t\t\t\t<\/div>\n\t\t\t\t<\/div>\n\t\t\t\t\t<\/div>\n\t\t\t\t<\/div>\n\t\t\t\t<\/div>\n\t\t\t\t<div class=\"elementor-element elementor-element-18fe79e elementor-widget elementor-widget-spacer\" data-id=\"18fe79e\" data-element_type=\"widget\" data-widget_type=\"spacer.default\">\n\t\t\t\t<div class=\"elementor-widget-container\">\n\t\t\t\t\t\t\t<div class=\"elementor-spacer\">\n\t\t\t<div class=\"elementor-spacer-inner\"><\/div>\n\t\t<\/div>\n\t\t\t\t\t\t<\/div>\n\t\t\t\t<\/div>\n\t\t\t\t<div class=\"elementor-element elementor-element-9fc0f93 elementor-widget elementor-widget-spacer\" data-id=\"9fc0f93\" data-element_type=\"widget\" data-widget_type=\"spacer.default\">\n\t\t\t\t<div class=\"elementor-widget-container\">\n\t\t\t\t\t\t\t<div class=\"elementor-spacer\">\n\t\t\t<div class=\"elementor-spacer-inner\"><\/div>\n\t\t<\/div>\n\t\t\t\t\t\t<\/div>\n\t\t\t\t<\/div>\n\t\t\t\t\t<\/div>\n\t\t\t\t<\/div>\n\t\t<div data-particle_enable=\"false\" data-particle-mobile-disabled=\"false\" class=\"elementor-element elementor-element-bed18c6 e-flex e-con-boxed e-con e-parent\" data-id=\"bed18c6\" data-element_type=\"container\">\n\t\t\t\t\t<div class=\"e-con-inner\">\n\t\t\t\t<div class=\"elementor-element elementor-element-d815897 elementor-widget elementor-widget-spacer\" data-id=\"d815897\" data-element_type=\"widget\" data-widget_type=\"spacer.default\">\n\t\t\t\t<div class=\"elementor-widget-container\">\n\t\t\t\t\t\t\t<div class=\"elementor-spacer\">\n\t\t\t<div class=\"elementor-spacer-inner\"><\/div>\n\t\t<\/div>\n\t\t\t\t\t\t<\/div>\n\t\t\t\t<\/div>\n\t\t\t\t\t<\/div>\n\t\t\t\t<\/div>\n\t\t\t\t<\/div>\n\t\t","protected":false},"excerpt":{"rendered":"<p>https:\/\/pasaj.sivildusun.net\/1\/wp-content\/uploads\/2024\/10\/Pasaj_LogoAni_Yatay_Siyah_ENG.mp4 Sivil D\u00fc\u015f\u00fcn PASAJ Forum: Towards A Renewal of the Global Human Rights Agenda December 9-10, 2024 | Istanbul Challenges to the international legal order, geopolitical conditions, climate change, income inequality, and technology have brought the international human rights system to an inflection point. Across the world, human rights advocates in civil society, politics, public [&hellip;]<\/p>\n","protected":false},"author":1,"featured_media":0,"parent":0,"menu_order":0,"comment_status":"closed","ping_status":"closed","template":"","meta":{"footnotes":""},"class_list":["post-291","page","type-page","status-publish","hentry"],"_links":{"self":[{"href":"https:\/\/pasaj.sivildusun.net\/1\/wp-json\/wp\/v2\/pages\/291","targetHints":{"allow":["GET"]}}],"collection":[{"href":"https:\/\/pasaj.sivildusun.net\/1\/wp-json\/wp\/v2\/pages"}],"about":[{"href":"https:\/\/pasaj.sivildusun.net\/1\/wp-json\/wp\/v2\/types\/page"}],"author":[{"embeddable":true,"href":"https:\/\/pasaj.sivildusun.net\/1\/wp-json\/wp\/v2\/users\/1"}],"replies":[{"embeddable":true,"href":"https:\/\/pasaj.sivildusun.net\/1\/wp-json\/wp\/v2\/comments?post=291"}],"version-history":[{"count":49,"href":"https:\/\/pasaj.sivildusun.net\/1\/wp-json\/wp\/v2\/pages\/291\/revisions"}],"predecessor-version":[{"id":1642,"href":"https:\/\/pasaj.sivildusun.net\/1\/wp-json\/wp\/v2\/pages\/291\/revisions\/1642"}],"wp:attachment":[{"href":"https:\/\/pasaj.sivildusun.net\/1\/wp-json\/wp\/v2\/media?parent=291"}],"curies":[{"name":"wp","href":"https:\/\/api.w.org\/{rel}","templated":true}]}}