{"id":2,"date":"2024-10-16T06:34:28","date_gmt":"2024-10-16T06:34:28","guid":{"rendered":"https:\/\/pasaj.sivildusun.net\/?page_id=2"},"modified":"2024-12-19T17:49:14","modified_gmt":"2024-12-19T14:49:14","slug":"ana-sayfa","status":"publish","type":"page","link":"https:\/\/pasaj.sivildusun.net\/1\/","title":{"rendered":"Ana sayfa"},"content":{"rendered":"\t\t<div data-elementor-type=\"wp-page\" data-elementor-id=\"2\" class=\"elementor elementor-2\" data-elementor-post-type=\"page\">\n\t\t\t\t<div data-particle_enable=\"false\" data-particle-mobile-disabled=\"false\" class=\"elementor-element elementor-element-d6dbc2d e-con-full e-flex e-con e-parent\" data-id=\"d6dbc2d\" data-element_type=\"container\" data-settings=\"{&quot;background_background&quot;:&quot;classic&quot;}\">\n\t\t<div data-particle_enable=\"false\" data-particle-mobile-disabled=\"false\" class=\"elementor-element elementor-element-9567af6 e-flex e-con-boxed e-con e-child\" data-id=\"9567af6\" data-element_type=\"container\">\n\t\t\t\t\t<div class=\"e-con-inner\">\n\t\t\t\t<div class=\"elementor-element elementor-element-bea361d elementor-widget elementor-widget-video\" data-id=\"bea361d\" data-element_type=\"widget\" data-settings=\"{&quot;video_type&quot;:&quot;hosted&quot;,&quot;autoplay&quot;:&quot;yes&quot;,&quot;play_on_mobile&quot;:&quot;yes&quot;,&quot;mute&quot;:&quot;yes&quot;,&quot;loop&quot;:&quot;yes&quot;}\" data-widget_type=\"video.default\">\n\t\t\t\t<div class=\"elementor-widget-container\">\n\t\t\t\t\t\t\t<div class=\"e-hosted-video elementor-wrapper elementor-open-inline\">\n\t\t\t\t\t<video class=\"elementor-video\" src=\"https:\/\/pasaj.sivildusun.net\/1\/wp-content\/uploads\/2024\/10\/Pasaj_LogoAni_Yatay_Siyah.mp4\" autoplay=\"\" loop=\"\" muted=\"muted\" playsinline=\"\" controlsList=\"nodownload\"><\/video>\n\t\t\t\t<\/div>\n\t\t\t\t\t\t<\/div>\n\t\t\t\t<\/div>\n\t\t\t\t\t<\/div>\n\t\t\t\t<\/div>\n\t\t\t\t<\/div>\n\t\t<div data-particle_enable=\"false\" data-particle-mobile-disabled=\"false\" class=\"elementor-element elementor-element-e469a96 e-flex e-con-boxed e-con e-parent\" data-id=\"e469a96\" data-element_type=\"container\">\n\t\t\t\t\t<div class=\"e-con-inner\">\n\t\t\t\t<div class=\"elementor-element elementor-element-aea7c2a elementor-widget elementor-widget-heading\" data-id=\"aea7c2a\" data-element_type=\"widget\" data-widget_type=\"heading.default\">\n\t\t\t\t<div class=\"elementor-widget-container\">\n\t\t\t\t\t<h2 class=\"elementor-heading-title elementor-size-default\">Sivil D\u00fc\u015f\u00fcn PASAJ Forumu | 9-10 Aral\u0131k 2024 | \u0130stanbul<\/h2>\t\t\t\t<\/div>\n\t\t\t\t<\/div>\n\t\t\t\t<div class=\"elementor-element elementor-element-b51ae74 elementor-widget elementor-widget-spacer\" data-id=\"b51ae74\" data-element_type=\"widget\" data-widget_type=\"spacer.default\">\n\t\t\t\t<div class=\"elementor-widget-container\">\n\t\t\t\t\t\t\t<div class=\"elementor-spacer\">\n\t\t\t<div class=\"elementor-spacer-inner\"><\/div>\n\t\t<\/div>\n\t\t\t\t\t\t<\/div>\n\t\t\t\t<\/div>\n\t\t\t\t<div class=\"elementor-element elementor-element-4af9a30 elementor-widget elementor-widget-text-editor\" data-id=\"4af9a30\" data-element_type=\"widget\" data-widget_type=\"text-editor.default\">\n\t\t\t\t<div class=\"elementor-widget-container\">\n\t\t\t\t\t\t\t\t\t<p>PASAJ hepimize, bilinenden yeniye do\u011fru ilerlerken bir ge\u00e7i\u015f ve haz\u0131rl\u0131k alan\u0131 sundu. \u0130nsan Haklar\u0131 G\u00fcn\u00fcn\u00fcn 76. Y\u0131ld\u00f6n\u00fcm\u00fcnde, 9-10 Aral\u0131k 2024\u2019te \u0130stanbul\u2019da ger\u00e7ekle\u015fen programda, d\u00fcnyan\u0131n de\u011fi\u015fen ko\u015fullar\u0131nda insan haklar\u0131n\u0131 nas\u0131l bir yolculuk bekliyor ve biz bu yolda nas\u0131l e\u015flik\u00e7iler olaca\u011f\u0131z sorular\u0131na beraberce yan\u0131t arad\u0131k.\u00a0<\/p>\t\t\t\t\t\t\t\t<\/div>\n\t\t\t\t<\/div>\n\t\t\t\t<div class=\"elementor-element elementor-element-5bdd8c5 elementor-widget elementor-widget-spacer\" data-id=\"5bdd8c5\" data-element_type=\"widget\" data-widget_type=\"spacer.default\">\n\t\t\t\t<div class=\"elementor-widget-container\">\n\t\t\t\t\t\t\t<div class=\"elementor-spacer\">\n\t\t\t<div class=\"elementor-spacer-inner\"><\/div>\n\t\t<\/div>\n\t\t\t\t\t\t<\/div>\n\t\t\t\t<\/div>\n\t\t<div data-particle_enable=\"false\" data-particle-mobile-disabled=\"false\" class=\"elementor-element elementor-element-a6d4155 e-grid e-con-boxed e-con e-child\" data-id=\"a6d4155\" data-element_type=\"container\">\n\t\t\t\t\t<div class=\"e-con-inner\">\n\t\t<div data-particle_enable=\"false\" data-particle-mobile-disabled=\"false\" class=\"elementor-element elementor-element-9192bc8 e-flex e-con-boxed e-con e-child\" data-id=\"9192bc8\" data-element_type=\"container\">\n\t\t\t\t\t<div class=\"e-con-inner\">\n\t\t\t\t<div class=\"elementor-element elementor-element-1efb722 elementor-widget__width-initial elementor-widget elementor-widget-image\" data-id=\"1efb722\" data-element_type=\"widget\" data-widget_type=\"image.default\">\n\t\t\t\t<div class=\"elementor-widget-container\">\n\t\t\t\t\t\t\t\t\t\t\t\t\t\t\t<img decoding=\"async\" width=\"300\" height=\"151\" src=\"https:\/\/pasaj.sivildusun.net\/1\/wp-content\/uploads\/2024\/12\/cs-2-e1734424970265-300x151.png\" class=\"attachment-medium size-medium wp-image-1253\" alt=\"\" srcset=\"https:\/\/pasaj.sivildusun.net\/1\/wp-content\/uploads\/2024\/12\/cs-2-e1734424970265-300x151.png 300w, https:\/\/pasaj.sivildusun.net\/1\/wp-content\/uploads\/2024\/12\/cs-2-e1734424970265.png 734w\" sizes=\"(max-width: 300px) 100vw, 300px\" \/>\t\t\t\t\t\t\t\t\t\t\t\t\t\t\t<\/div>\n\t\t\t\t<\/div>\n\t\t\t\t\t<\/div>\n\t\t\t\t<\/div>\n\t\t<div data-particle_enable=\"false\" data-particle-mobile-disabled=\"false\" class=\"elementor-element elementor-element-87579e8 e-flex e-con-boxed e-con e-child\" data-id=\"87579e8\" data-element_type=\"container\">\n\t\t\t\t\t<div class=\"e-con-inner\">\n\t\t\t\t<div class=\"elementor-element elementor-element-51f2ec7 elementor-widget elementor-widget-text-editor\" data-id=\"51f2ec7\" data-element_type=\"widget\" data-widget_type=\"text-editor.default\">\n\t\t\t\t<div class=\"elementor-widget-container\">\n\t\t\t\t\t\t\t\t\t<p style=\"font-weight: 400;\">Sivil D\u00fc\u015f\u00fcn y\u0131llard\u0131r bak\u0131\u015f a\u00e7\u0131s\u0131, fikir ve y\u00f6ntemleri de\u011fi\u015f toku\u015f ettiren hem tart\u0131\u015fman\u0131n hem yeni i\u015f birliklerinin f\u0131rsatlar\u0131n\u0131 ke\u015ffettiren forumlar d\u00fczenleyerek ge\u00e7mi\u015ften gelece\u011fe bir yolculuk i\u00e7inde konu\u015fma alanlar\u0131 a\u00e7\u0131yor. 10 Aral\u0131k \u0130nsan Haklar\u0131 G\u00fcn\u00fcnde de ge\u00e7mi\u015fin yans\u0131malar\u0131n\u0131 bug\u00fcn yeniden de\u011ferlendirip gelece\u011fe y\u00f6nelik bir yol \u00e7izmek ad\u0131na PASAJda bulu\u015ftuk.\u00a0<\/p>\t\t\t\t\t\t\t\t<\/div>\n\t\t\t\t<\/div>\n\t\t\t\t\t<\/div>\n\t\t\t\t<\/div>\n\t\t\t\t\t<\/div>\n\t\t\t\t<\/div>\n\t\t\t\t<div class=\"elementor-element elementor-element-e963ed6 elementor-widget elementor-widget-spacer\" data-id=\"e963ed6\" data-element_type=\"widget\" data-widget_type=\"spacer.default\">\n\t\t\t\t<div class=\"elementor-widget-container\">\n\t\t\t\t\t\t\t<div class=\"elementor-spacer\">\n\t\t\t<div class=\"elementor-spacer-inner\"><\/div>\n\t\t<\/div>\n\t\t\t\t\t\t<\/div>\n\t\t\t\t<\/div>\n\t\t<div data-particle_enable=\"false\" data-particle-mobile-disabled=\"false\" class=\"elementor-element elementor-element-4b45251 e-con-full e-grid e-con e-child\" data-id=\"4b45251\" data-element_type=\"container\">\n\t\t<div data-particle_enable=\"false\" data-particle-mobile-disabled=\"false\" class=\"elementor-element elementor-element-f987cdb e-flex e-con-boxed e-con e-child\" data-id=\"f987cdb\" data-element_type=\"container\">\n\t\t\t\t\t<div class=\"e-con-inner\">\n\t\t\t\t<div class=\"elementor-element elementor-element-7bb5b85 elementor-widget__width-initial elementor-widget elementor-widget-image\" data-id=\"7bb5b85\" data-element_type=\"widget\" data-widget_type=\"image.default\">\n\t\t\t\t<div class=\"elementor-widget-container\">\n\t\t\t\t\t\t\t\t\t\t\t\t\t\t\t<img fetchpriority=\"high\" decoding=\"async\" width=\"300\" height=\"190\" src=\"https:\/\/pasaj.sivildusun.net\/1\/wp-content\/uploads\/2024\/12\/cs-3-e1734425072321-300x190.png\" class=\"attachment-medium size-medium wp-image-1254\" alt=\"\" srcset=\"https:\/\/pasaj.sivildusun.net\/1\/wp-content\/uploads\/2024\/12\/cs-3-e1734425072321-300x190.png 300w, https:\/\/pasaj.sivildusun.net\/1\/wp-content\/uploads\/2024\/12\/cs-3-e1734425072321.png 562w\" sizes=\"(max-width: 300px) 100vw, 300px\" \/>\t\t\t\t\t\t\t\t\t\t\t\t\t\t\t<\/div>\n\t\t\t\t<\/div>\n\t\t\t\t\t<\/div>\n\t\t\t\t<\/div>\n\t\t<div data-particle_enable=\"false\" data-particle-mobile-disabled=\"false\" class=\"elementor-element elementor-element-0537c7c e-flex e-con-boxed e-con e-child\" data-id=\"0537c7c\" data-element_type=\"container\">\n\t\t\t\t\t<div class=\"e-con-inner\">\n\t\t\t\t<div class=\"elementor-element elementor-element-db9e7a4 elementor-widget elementor-widget-text-editor\" data-id=\"db9e7a4\" data-element_type=\"widget\" data-widget_type=\"text-editor.default\">\n\t\t\t\t<div class=\"elementor-widget-container\">\n\t\t\t\t\t\t\t\t\t<p style=\"font-weight: 400;\">\u0130nsan Haklar\u0131 G\u00fcn\u00fc Kutlama Resepsiyonu ile ba\u015flang\u0131\u00e7 yapt\u0131k. Haklar\u0131n yeni d\u00fcnyada da g\u00fc\u00e7l\u00fc ve yans\u0131z kalmas\u0131n\u0131 diledik. Forum boyunca insan haklar\u0131n\u0131n g\u00fcn\u00fcm\u00fcz\u00fcn kriz ve g\u00fc\u00e7l\u00fcklerinin kar\u015f\u0131s\u0131nda nas\u0131l g\u00fc\u00e7lendirilebilece\u011fini konu\u015ftuk. De\u011fi\u015fen ko\u015fullara beraberce adapte olabilmek i\u00e7in hem d\u00fcnyada hem T\u00fcrkiye\u2019deki ihtiya\u00e7lar\u0131, f\u0131rsatlar\u0131, zorluklar\u0131 ve yeni ufuklar\u0131 konu\u015ftuk.<\/p><p style=\"font-weight: 400;\"><a href=\"https:\/\/pasaj.sivildusun.net\/1\/yolculuk\/\">PASAJdan nas\u0131l ge\u00e7ti\u011fimizi 9 ba\u015fl\u0131kta ke\u015ffet<\/a><\/p>\t\t\t\t\t\t\t\t<\/div>\n\t\t\t\t<\/div>\n\t\t\t\t\t<\/div>\n\t\t\t\t<\/div>\n\t\t\t\t<\/div>\n\t\t\t\t<div class=\"elementor-element elementor-element-81674f4 elementor-widget elementor-widget-spacer\" data-id=\"81674f4\" data-element_type=\"widget\" data-widget_type=\"spacer.default\">\n\t\t\t\t<div class=\"elementor-widget-container\">\n\t\t\t\t\t\t\t<div class=\"elementor-spacer\">\n\t\t\t<div class=\"elementor-spacer-inner\"><\/div>\n\t\t<\/div>\n\t\t\t\t\t\t<\/div>\n\t\t\t\t<\/div>\n\t\t<div data-particle_enable=\"false\" data-particle-mobile-disabled=\"false\" class=\"elementor-element elementor-element-dfd1bf1 e-con-full e-grid e-con e-child\" data-id=\"dfd1bf1\" data-element_type=\"container\">\n\t\t<div data-particle_enable=\"false\" data-particle-mobile-disabled=\"false\" class=\"elementor-element elementor-element-95d5f15 e-flex e-con-boxed e-con e-child\" data-id=\"95d5f15\" data-element_type=\"container\">\n\t\t\t\t\t<div class=\"e-con-inner\">\n\t\t\t\t<div class=\"elementor-element elementor-element-8ce99ca elementor-widget__width-initial elementor-widget elementor-widget-image\" data-id=\"8ce99ca\" data-element_type=\"widget\" data-widget_type=\"image.default\">\n\t\t\t\t<div class=\"elementor-widget-container\">\n\t\t\t\t\t\t\t\t\t\t\t\t\t\t\t<img decoding=\"async\" width=\"300\" height=\"226\" src=\"https:\/\/pasaj.sivildusun.net\/1\/wp-content\/uploads\/2024\/12\/cs-4-e1734425134551-300x226.png\" class=\"attachment-medium size-medium wp-image-1258\" alt=\"\" srcset=\"https:\/\/pasaj.sivildusun.net\/1\/wp-content\/uploads\/2024\/12\/cs-4-e1734425134551-300x226.png 300w, https:\/\/pasaj.sivildusun.net\/1\/wp-content\/uploads\/2024\/12\/cs-4-e1734425134551.png 598w\" sizes=\"(max-width: 300px) 100vw, 300px\" \/>\t\t\t\t\t\t\t\t\t\t\t\t\t\t\t<\/div>\n\t\t\t\t<\/div>\n\t\t\t\t\t<\/div>\n\t\t\t\t<\/div>\n\t\t<div data-particle_enable=\"false\" data-particle-mobile-disabled=\"false\" class=\"elementor-element elementor-element-bc17bb5 e-flex e-con-boxed e-con e-child\" data-id=\"bc17bb5\" data-element_type=\"container\">\n\t\t\t\t\t<div class=\"e-con-inner\">\n\t\t\t\t<div class=\"elementor-element elementor-element-06fad80 elementor-widget elementor-widget-text-editor\" data-id=\"06fad80\" data-element_type=\"widget\" data-widget_type=\"text-editor.default\">\n\t\t\t\t<div class=\"elementor-widget-container\">\n\t\t\t\t\t\t\t\t\t<p style=\"font-weight: 400;\">Program, birbirine birka\u00e7 dakikal\u0131k y\u00fcr\u00fcme mesafesinde olan Rumeli Han Pasaj\u0131, \u00c7i\u00e7ek Pasaj\u0131 ve The Marmara Taksim Otelinde ger\u00e7ekle\u015fti.<\/p><p><a href=\"http:\/\/pasaj.sivildusun.net\/mekanlar\">PASAJ ruhunun nereden ilham ald\u0131\u011f\u0131n\u0131 ke\u015ffet <\/a><\/p>\t\t\t\t\t\t\t\t<\/div>\n\t\t\t\t<\/div>\n\t\t\t\t\t<\/div>\n\t\t\t\t<\/div>\n\t\t\t\t<\/div>\n\t\t\t\t<div class=\"elementor-element elementor-element-3479454 elementor-widget elementor-widget-spacer\" data-id=\"3479454\" data-element_type=\"widget\" data-widget_type=\"spacer.default\">\n\t\t\t\t<div class=\"elementor-widget-container\">\n\t\t\t\t\t\t\t<div class=\"elementor-spacer\">\n\t\t\t<div class=\"elementor-spacer-inner\"><\/div>\n\t\t<\/div>\n\t\t\t\t\t\t<\/div>\n\t\t\t\t<\/div>\n\t\t<div data-particle_enable=\"false\" data-particle-mobile-disabled=\"false\" class=\"elementor-element elementor-element-444dbb6 e-con-full e-grid e-con e-child\" data-id=\"444dbb6\" data-element_type=\"container\">\n\t\t<div data-particle_enable=\"false\" data-particle-mobile-disabled=\"false\" class=\"elementor-element elementor-element-8f952a6 e-flex e-con-boxed e-con e-child\" data-id=\"8f952a6\" data-element_type=\"container\">\n\t\t\t\t\t<div class=\"e-con-inner\">\n\t\t\t\t<div class=\"elementor-element elementor-element-f12dae4 elementor-widget elementor-widget-image\" data-id=\"f12dae4\" data-element_type=\"widget\" data-widget_type=\"image.default\">\n\t\t\t\t<div class=\"elementor-widget-container\">\n\t\t\t\t\t\t\t\t\t\t\t\t\t\t\t<img loading=\"lazy\" decoding=\"async\" width=\"300\" height=\"195\" src=\"https:\/\/pasaj.sivildusun.net\/1\/wp-content\/uploads\/2024\/12\/cs-5-e1734425226511-300x195.png\" class=\"attachment-medium size-medium wp-image-1260\" alt=\"\" srcset=\"https:\/\/pasaj.sivildusun.net\/1\/wp-content\/uploads\/2024\/12\/cs-5-e1734425226511-300x195.png 300w, https:\/\/pasaj.sivildusun.net\/1\/wp-content\/uploads\/2024\/12\/cs-5-e1734425226511.png 624w\" sizes=\"(max-width: 300px) 100vw, 300px\" \/>\t\t\t\t\t\t\t\t\t\t\t\t\t\t\t<\/div>\n\t\t\t\t<\/div>\n\t\t\t\t\t<\/div>\n\t\t\t\t<\/div>\n\t\t<div data-particle_enable=\"false\" data-particle-mobile-disabled=\"false\" class=\"elementor-element elementor-element-2fcf23d e-flex e-con-boxed e-con e-child\" data-id=\"2fcf23d\" data-element_type=\"container\">\n\t\t\t\t\t<div class=\"e-con-inner\">\n\t\t\t\t<div class=\"elementor-element elementor-element-4b2951f elementor-widget elementor-widget-text-editor\" data-id=\"4b2951f\" data-element_type=\"widget\" data-widget_type=\"text-editor.default\">\n\t\t\t\t<div class=\"elementor-widget-container\">\n\t\t\t\t\t\t\t\t\t<div><span lang=\"EN-US\">D\u00fcnyadan ve T\u00fcrkiye\u2019den hak savunucular\u0131, akademisyenler, hukuk\u00e7uklar ve sivil toplum temsilcileri PASAJda kat\u0131l\u0131mc\u0131larla birlikte sivil toplumun T\u00fcrkiye ve d\u00fcnyadaki gelece\u011fini tart\u0131\u015ft\u0131lar.\u00a0<\/span><\/div><div><a href=\"https:\/\/pasaj.sivildusun.net\/1\/konusmacilar\/\">Konu\u015fmac\u0131lar\u0131 yak\u0131ndan tan\u0131\u00a0<\/a><\/div>\t\t\t\t\t\t\t\t<\/div>\n\t\t\t\t<\/div>\n\t\t\t\t\t<\/div>\n\t\t\t\t<\/div>\n\t\t\t\t<\/div>\n\t\t<div data-particle_enable=\"false\" data-particle-mobile-disabled=\"false\" class=\"elementor-element elementor-element-e9c513f e-con-full e-grid e-con e-child\" data-id=\"e9c513f\" data-element_type=\"container\">\n\t\t<div data-particle_enable=\"false\" data-particle-mobile-disabled=\"false\" class=\"elementor-element elementor-element-247eb05 e-flex e-con-boxed e-con e-child\" data-id=\"247eb05\" data-element_type=\"container\">\n\t\t\t\t\t<div class=\"e-con-inner\">\n\t\t\t\t<div class=\"elementor-element elementor-element-dcc3e82 elementor-widget elementor-widget-image\" data-id=\"dcc3e82\" data-element_type=\"widget\" data-widget_type=\"image.default\">\n\t\t\t\t<div class=\"elementor-widget-container\">\n\t\t\t\t\t\t\t\t\t\t\t\t\t\t\t<img loading=\"lazy\" decoding=\"async\" width=\"300\" height=\"155\" src=\"https:\/\/pasaj.sivildusun.net\/1\/wp-content\/uploads\/2024\/12\/cs-1-e1734449091432-300x155.png\" class=\"attachment-medium size-medium wp-image-1423\" alt=\"\" srcset=\"https:\/\/pasaj.sivildusun.net\/1\/wp-content\/uploads\/2024\/12\/cs-1-e1734449091432-300x155.png 300w, https:\/\/pasaj.sivildusun.net\/1\/wp-content\/uploads\/2024\/12\/cs-1-e1734449091432.png 584w\" sizes=\"(max-width: 300px) 100vw, 300px\" \/>\t\t\t\t\t\t\t\t\t\t\t\t\t\t\t<\/div>\n\t\t\t\t<\/div>\n\t\t\t\t\t<\/div>\n\t\t\t\t<\/div>\n\t\t<div data-particle_enable=\"false\" data-particle-mobile-disabled=\"false\" class=\"elementor-element elementor-element-1bd77dc e-flex e-con-boxed e-con e-child\" data-id=\"1bd77dc\" data-element_type=\"container\">\n\t\t\t\t\t<div class=\"e-con-inner\">\n\t\t\t\t<div class=\"elementor-element elementor-element-7ffb777 elementor-widget elementor-widget-text-editor\" data-id=\"7ffb777\" data-element_type=\"widget\" data-widget_type=\"text-editor.default\">\n\t\t\t\t<div class=\"elementor-widget-container\">\n\t\t\t\t\t\t\t\t\t<p>Haklar i\u00e7in d\u00fc\u015f\u00fcnen, \u00fcreten ve \u00e7al\u0131\u015fanlar\u0131n olu\u015fturdu\u011fu PASAJ\u0131n canl\u0131 atmosferinde \u00e7ok renkli, \u00e7ok sesli, \u00e7ok co\u015fkuluyduk.<\/p><p><a href=\"https:\/\/pasaj.sivildusun.net\/1\/kimler-katildi\/\">Ke\u015ffet<\/a><\/p>\t\t\t\t\t\t\t\t<\/div>\n\t\t\t\t<\/div>\n\t\t\t\t\t<\/div>\n\t\t\t\t<\/div>\n\t\t\t\t<\/div>\n\t\t\t\t<div class=\"elementor-element elementor-element-ddc1119 elementor-widget elementor-widget-spacer\" data-id=\"ddc1119\" data-element_type=\"widget\" data-widget_type=\"spacer.default\">\n\t\t\t\t<div class=\"elementor-widget-container\">\n\t\t\t\t\t\t\t<div class=\"elementor-spacer\">\n\t\t\t<div class=\"elementor-spacer-inner\"><\/div>\n\t\t<\/div>\n\t\t\t\t\t\t<\/div>\n\t\t\t\t<\/div>\n\t\t\t\t<div class=\"elementor-element elementor-element-8feeb7b elementor-widget elementor-widget-spacer\" data-id=\"8feeb7b\" data-element_type=\"widget\" data-widget_type=\"spacer.default\">\n\t\t\t\t<div class=\"elementor-widget-container\">\n\t\t\t\t\t\t\t<div class=\"elementor-spacer\">\n\t\t\t<div class=\"elementor-spacer-inner\"><\/div>\n\t\t<\/div>\n\t\t\t\t\t\t<\/div>\n\t\t\t\t<\/div>\n\t\t\t\t<div class=\"elementor-element elementor-element-39036b9 elementor-widget elementor-widget-spacer\" data-id=\"39036b9\" data-element_type=\"widget\" data-widget_type=\"spacer.default\">\n\t\t\t\t<div class=\"elementor-widget-container\">\n\t\t\t\t\t\t\t<div class=\"elementor-spacer\">\n\t\t\t<div class=\"elementor-spacer-inner\"><\/div>\n\t\t<\/div>\n\t\t\t\t\t\t<\/div>\n\t\t\t\t<\/div>\n\t\t\t\t\t<\/div>\n\t\t\t\t<\/div>\n\t\t<div data-particle_enable=\"false\" data-particle-mobile-disabled=\"false\" class=\"elementor-element elementor-element-ec44659 e-flex e-con-boxed e-con e-parent\" data-id=\"ec44659\" data-element_type=\"container\">\n\t\t\t\t\t<div class=\"e-con-inner\">\n\t\t\t\t<div class=\"elementor-element elementor-element-353ce0d elementor-widget elementor-widget-spacer\" data-id=\"353ce0d\" data-element_type=\"widget\" data-widget_type=\"spacer.default\">\n\t\t\t\t<div class=\"elementor-widget-container\">\n\t\t\t\t\t\t\t<div class=\"elementor-spacer\">\n\t\t\t<div class=\"elementor-spacer-inner\"><\/div>\n\t\t<\/div>\n\t\t\t\t\t\t<\/div>\n\t\t\t\t<\/div>\n\t\t\t\t\t<\/div>\n\t\t\t\t<\/div>\n\t\t\t\t<\/div>\n\t\t","protected":false},"excerpt":{"rendered":"<p>https:\/\/pasaj.sivildusun.net\/1\/wp-content\/uploads\/2024\/10\/Pasaj_LogoAni_Yatay_Siyah.mp4 Sivil D\u00fc\u015f\u00fcn PASAJ Forumu | 9-10 Aral\u0131k 2024 | \u0130stanbul PASAJ hepimize, bilinenden yeniye do\u011fru ilerlerken bir ge\u00e7i\u015f ve haz\u0131rl\u0131k alan\u0131 sundu. \u0130nsan Haklar\u0131 G\u00fcn\u00fcn\u00fcn 76. Y\u0131ld\u00f6n\u00fcm\u00fcnde, 9-10 Aral\u0131k 2024\u2019te \u0130stanbul\u2019da ger\u00e7ekle\u015fen programda, d\u00fcnyan\u0131n de\u011fi\u015fen ko\u015fullar\u0131nda insan haklar\u0131n\u0131 nas\u0131l bir yolculuk bekliyor ve biz bu yolda nas\u0131l e\u015flik\u00e7iler olaca\u011f\u0131z sorular\u0131na beraberce yan\u0131t arad\u0131k.\u00a0 Sivil [&hellip;]<\/p>\n","protected":false},"author":1,"featured_media":0,"parent":0,"menu_order":0,"comment_status":"closed","ping_status":"closed","template":"elementor_header_footer","meta":{"footnotes":""},"class_list":["post-2","page","type-page","status-publish","hentry"],"_links":{"self":[{"href":"https:\/\/pasaj.sivildusun.net\/1\/wp-json\/wp\/v2\/pages\/2","targetHints":{"allow":["GET"]}}],"collection":[{"href":"https:\/\/pasaj.sivildusun.net\/1\/wp-json\/wp\/v2\/pages"}],"about":[{"href":"https:\/\/pasaj.sivildusun.net\/1\/wp-json\/wp\/v2\/types\/page"}],"author":[{"embeddable":true,"href":"https:\/\/pasaj.sivildusun.net\/1\/wp-json\/wp\/v2\/users\/1"}],"replies":[{"embeddable":true,"href":"https:\/\/pasaj.sivildusun.net\/1\/wp-json\/wp\/v2\/comments?post=2"}],"version-history":[{"count":169,"href":"https:\/\/pasaj.sivildusun.net\/1\/wp-json\/wp\/v2\/pages\/2\/revisions"}],"predecessor-version":[{"id":1554,"href":"https:\/\/pasaj.sivildusun.net\/1\/wp-json\/wp\/v2\/pages\/2\/revisions\/1554"}],"wp:attachment":[{"href":"https:\/\/pasaj.sivildusun.net\/1\/wp-json\/wp\/v2\/media?parent=2"}],"curies":[{"name":"wp","href":"https:\/\/api.w.org\/{rel}","templated":true}]}}