{"id":1492,"date":"2024-12-18T00:21:49","date_gmt":"2024-12-17T21:21:49","guid":{"rendered":"https:\/\/pasaj.sivildusun.net\/?page_id=1492"},"modified":"2024-12-18T00:36:13","modified_gmt":"2024-12-17T21:36:13","slug":"kimler-katildi","status":"publish","type":"page","link":"https:\/\/pasaj.sivildusun.net\/1\/kimler-katildi\/","title":{"rendered":"Kimler kat\u0131ld\u0131"},"content":{"rendered":"\t\t<div data-elementor-type=\"wp-page\" data-elementor-id=\"1492\" class=\"elementor elementor-1492\" data-elementor-post-type=\"page\">\n\t\t\t\t<div data-particle_enable=\"false\" data-particle-mobile-disabled=\"false\" class=\"elementor-element elementor-element-f3c5b52 e-flex e-con-boxed e-con e-parent\" data-id=\"f3c5b52\" data-element_type=\"container\">\n\t\t\t\t\t<div class=\"e-con-inner\">\n\t\t\t\t<div class=\"elementor-element elementor-element-dc28f3a elementor-widget elementor-widget-spacer\" data-id=\"dc28f3a\" data-element_type=\"widget\" data-widget_type=\"spacer.default\">\n\t\t\t\t<div class=\"elementor-widget-container\">\n\t\t\t\t\t\t\t<div class=\"elementor-spacer\">\n\t\t\t<div class=\"elementor-spacer-inner\"><\/div>\n\t\t<\/div>\n\t\t\t\t\t\t<\/div>\n\t\t\t\t<\/div>\n\t\t\t\t<div class=\"elementor-element elementor-element-4d148ae elementor-widget elementor-widget-heading\" data-id=\"4d148ae\" data-element_type=\"widget\" data-widget_type=\"heading.default\">\n\t\t\t\t<div class=\"elementor-widget-container\">\n\t\t\t\t\t<h1 class=\"elementor-heading-title elementor-size-default\">kimler kat\u0131ld\u0131<\/h1>\t\t\t\t<\/div>\n\t\t\t\t<\/div>\n\t\t\t\t<div class=\"elementor-element elementor-element-ac5d818 elementor-widget elementor-widget-text-editor\" data-id=\"ac5d818\" data-element_type=\"widget\" data-widget_type=\"text-editor.default\">\n\t\t\t\t<div class=\"elementor-widget-container\">\n\t\t\t\t\t\t\t\t\t<p style=\"font-weight: 400;\">Sivil D\u00fc\u015f\u00fcn, PASAJ i\u00e7in bir a\u00e7\u0131k davet yay\u0131nlad\u0131. Bu davet; haklar yarar\u0131na d\u00fc\u015f\u00fcnen ve \u00e7al\u0131\u015fanlar, ulusal ve yerelde kar\u015f\u0131 kar\u015f\u0131ya oldu\u011fumuz sorunlar\u0131n d\u00fcnyadaki kar\u015f\u0131l\u0131\u011f\u0131n\u0131 merak edenler, de\u011fi\u015fim yolunda rol sahibi oldu\u011funa inananlar, hak savunuculu\u011funun yeni ve g\u00fc\u00e7lendirilmi\u015f yollar\u0131n\u0131 arayanlar i\u00e7indi.<\/p><p style=\"font-weight: 400;\">Gelen ba\u015fvurular Forum oturumlar\u0131n\u0131n verimli ge\u00e7mesini g\u00f6zeterek titizlikle de\u011ferlendirildi. De\u011ferlendirme yap\u0131l\u0131rken kat\u0131l\u0131mc\u0131lar\u0131n forum ana konular\u0131na ilgi duymalar\u0131 veya alana dair \u00e7al\u0131\u015fma yapm\u0131\u015f olmalar\u0131, olabildi\u011fince \u00e7ok hak alan\u0131ndan temsilcinin kat\u0131l\u0131mc\u0131 olmas\u0131, ya\u015f- cinsiyet ve co\u011frafya bak\u0131m\u0131ndan dengeli bir kat\u0131l\u0131m\u0131n sa\u011flanmas\u0131 g\u00f6zetildi.\u00a0<\/p><p style=\"font-weight: 400;\">Forumda <em>sivil toplum \u00f6rg\u00fctleri, aktivistler, meslek kurulu\u015flar\u0131, sendikalar, ara\u015ft\u0131rma merkezleri, \u00f6zel sekt\u00f6r temsilcileri, sanat ve k\u00fclt\u00fcr profesyonelleri, ba\u011f\u0131\u015f\u00e7\u0131 kurulu\u015flar, medya, akademisyenler ve ab \u00fcye \u00fclkelerinin konsolosluklar\u0131ndan<\/em>\u2028y\u00fczlerce isim bir araya geldi. Haklar i\u00e7in d\u00fc\u015f\u00fcnen, \u00fcreten ve \u00e7al\u0131\u015fanlar\u0131n olu\u015fturdu\u011fu bu canl\u0131 ortamda \u00e7ok renkli, \u00e7ok sesli, \u00e7ok co\u015fkuluyduk.<\/p>\t\t\t\t\t\t\t\t<\/div>\n\t\t\t\t<\/div>\n\t\t\t\t<div class=\"elementor-element elementor-element-ac1fcbb elementor-widget elementor-widget-gallery\" data-id=\"ac1fcbb\" data-element_type=\"widget\" data-settings=\"{&quot;lazyload&quot;:&quot;yes&quot;,&quot;gallery_layout&quot;:&quot;grid&quot;,&quot;columns&quot;:4,&quot;columns_tablet&quot;:2,&quot;columns_mobile&quot;:1,&quot;gap&quot;:{&quot;unit&quot;:&quot;px&quot;,&quot;size&quot;:10,&quot;sizes&quot;:[]},&quot;gap_tablet&quot;:{&quot;unit&quot;:&quot;px&quot;,&quot;size&quot;:10,&quot;sizes&quot;:[]},&quot;gap_mobile&quot;:{&quot;unit&quot;:&quot;px&quot;,&quot;size&quot;:10,&quot;sizes&quot;:[]},&quot;link_to&quot;:&quot;file&quot;,&quot;aspect_ratio&quot;:&quot;3:2&quot;,&quot;overlay_background&quot;:&quot;yes&quot;,&quot;content_hover_animation&quot;:&quot;fade-in&quot;}\" data-widget_type=\"gallery.default\">\n\t\t\t\t<div class=\"elementor-widget-container\">\n\t\t\t\t\t\t\t<div class=\"elementor-gallery__container\">\n\t\t\t\t\t\t\t<a class=\"e-gallery-item elementor-gallery-item elementor-animated-content\" href=\"https:\/\/pasaj.sivildusun.net\/1\/wp-content\/uploads\/2024\/12\/DSF9326-min-scaled.jpg\" data-elementor-open-lightbox=\"yes\" data-elementor-lightbox-slideshow=\"ac1fcbb\" data-e-action-hash=\"#elementor-action%3Aaction%3Dlightbox%26settings%3DeyJpZCI6MTQ5NCwidXJsIjoiaHR0cHM6XC9cL3Bhc2FqLnNpdmlsZHVzdW4ubmV0XC8xXC93cC1jb250ZW50XC91cGxvYWRzXC8yMDI0XC8xMlwvRFNGOTMyNi1taW4tc2NhbGVkLmpwZyIsInNsaWRlc2hvdyI6ImFjMWZjYmIifQ%3D%3D\">\n\t\t\t\t\t<div class=\"e-gallery-image elementor-gallery-item__image\" data-thumbnail=\"https:\/\/pasaj.sivildusun.net\/1\/wp-content\/uploads\/2024\/12\/DSF9326-min-300x200.jpg\" data-width=\"300\" data-height=\"200\" aria-label=\"\" role=\"img\" ><\/div>\n\t\t\t\t\t\t\t\t\t\t\t<div class=\"elementor-gallery-item__overlay\"><\/div>\n\t\t\t\t\t\t\t\t\t\t\t\t\t\t<\/a>\n\t\t\t\t\t\t\t<a class=\"e-gallery-item elementor-gallery-item elementor-animated-content\" href=\"https:\/\/pasaj.sivildusun.net\/1\/wp-content\/uploads\/2024\/12\/DSF9254-min-scaled.jpg\" data-elementor-open-lightbox=\"yes\" data-elementor-lightbox-slideshow=\"ac1fcbb\" data-e-action-hash=\"#elementor-action%3Aaction%3Dlightbox%26settings%3DeyJpZCI6MTQ5NSwidXJsIjoiaHR0cHM6XC9cL3Bhc2FqLnNpdmlsZHVzdW4ubmV0XC8xXC93cC1jb250ZW50XC91cGxvYWRzXC8yMDI0XC8xMlwvRFNGOTI1NC1taW4tc2NhbGVkLmpwZyIsInNsaWRlc2hvdyI6ImFjMWZjYmIifQ%3D%3D\">\n\t\t\t\t\t<div class=\"e-gallery-image elementor-gallery-item__image\" data-thumbnail=\"https:\/\/pasaj.sivildusun.net\/1\/wp-content\/uploads\/2024\/12\/DSF9254-min-300x200.jpg\" data-width=\"300\" data-height=\"200\" aria-label=\"\" role=\"img\" ><\/div>\n\t\t\t\t\t\t\t\t\t\t\t<div class=\"elementor-gallery-item__overlay\"><\/div>\n\t\t\t\t\t\t\t\t\t\t\t\t\t\t<\/a>\n\t\t\t\t\t\t\t<a class=\"e-gallery-item elementor-gallery-item elementor-animated-content\" href=\"https:\/\/pasaj.sivildusun.net\/1\/wp-content\/uploads\/2024\/12\/DSF9217-min-scaled.jpg\" data-elementor-open-lightbox=\"yes\" data-elementor-lightbox-slideshow=\"ac1fcbb\" data-e-action-hash=\"#elementor-action%3Aaction%3Dlightbox%26settings%3DeyJpZCI6MTQ5NiwidXJsIjoiaHR0cHM6XC9cL3Bhc2FqLnNpdmlsZHVzdW4ubmV0XC8xXC93cC1jb250ZW50XC91cGxvYWRzXC8yMDI0XC8xMlwvRFNGOTIxNy1taW4tc2NhbGVkLmpwZyIsInNsaWRlc2hvdyI6ImFjMWZjYmIifQ%3D%3D\">\n\t\t\t\t\t<div class=\"e-gallery-image elementor-gallery-item__image\" data-thumbnail=\"https:\/\/pasaj.sivildusun.net\/1\/wp-content\/uploads\/2024\/12\/DSF9217-min-300x200.jpg\" data-width=\"300\" data-height=\"200\" aria-label=\"\" role=\"img\" ><\/div>\n\t\t\t\t\t\t\t\t\t\t\t<div class=\"elementor-gallery-item__overlay\"><\/div>\n\t\t\t\t\t\t\t\t\t\t\t\t\t\t<\/a>\n\t\t\t\t\t\t\t<a class=\"e-gallery-item elementor-gallery-item elementor-animated-content\" href=\"https:\/\/pasaj.sivildusun.net\/1\/wp-content\/uploads\/2024\/12\/DSF9214-min-scaled.jpg\" data-elementor-open-lightbox=\"yes\" data-elementor-lightbox-slideshow=\"ac1fcbb\" data-e-action-hash=\"#elementor-action%3Aaction%3Dlightbox%26settings%3DeyJpZCI6MTQ5NywidXJsIjoiaHR0cHM6XC9cL3Bhc2FqLnNpdmlsZHVzdW4ubmV0XC8xXC93cC1jb250ZW50XC91cGxvYWRzXC8yMDI0XC8xMlwvRFNGOTIxNC1taW4tc2NhbGVkLmpwZyIsInNsaWRlc2hvdyI6ImFjMWZjYmIifQ%3D%3D\">\n\t\t\t\t\t<div class=\"e-gallery-image elementor-gallery-item__image\" data-thumbnail=\"https:\/\/pasaj.sivildusun.net\/1\/wp-content\/uploads\/2024\/12\/DSF9214-min-300x200.jpg\" data-width=\"300\" data-height=\"200\" aria-label=\"\" role=\"img\" ><\/div>\n\t\t\t\t\t\t\t\t\t\t\t<div class=\"elementor-gallery-item__overlay\"><\/div>\n\t\t\t\t\t\t\t\t\t\t\t\t\t\t<\/a>\n\t\t\t\t\t\t\t<a class=\"e-gallery-item elementor-gallery-item elementor-animated-content\" href=\"https:\/\/pasaj.sivildusun.net\/1\/wp-content\/uploads\/2024\/12\/DSF9167-min-scaled.jpg\" data-elementor-open-lightbox=\"yes\" data-elementor-lightbox-slideshow=\"ac1fcbb\" data-e-action-hash=\"#elementor-action%3Aaction%3Dlightbox%26settings%3DeyJpZCI6MTQ5OCwidXJsIjoiaHR0cHM6XC9cL3Bhc2FqLnNpdmlsZHVzdW4ubmV0XC8xXC93cC1jb250ZW50XC91cGxvYWRzXC8yMDI0XC8xMlwvRFNGOTE2Ny1taW4tc2NhbGVkLmpwZyIsInNsaWRlc2hvdyI6ImFjMWZjYmIifQ%3D%3D\">\n\t\t\t\t\t<div class=\"e-gallery-image elementor-gallery-item__image\" data-thumbnail=\"https:\/\/pasaj.sivildusun.net\/1\/wp-content\/uploads\/2024\/12\/DSF9167-min-200x300.jpg\" data-width=\"200\" data-height=\"300\" aria-label=\"\" role=\"img\" ><\/div>\n\t\t\t\t\t\t\t\t\t\t\t<div class=\"elementor-gallery-item__overlay\"><\/div>\n\t\t\t\t\t\t\t\t\t\t\t\t\t\t<\/a>\n\t\t\t\t\t\t\t<a class=\"e-gallery-item elementor-gallery-item elementor-animated-content\" href=\"https:\/\/pasaj.sivildusun.net\/1\/wp-content\/uploads\/2024\/12\/DSF9157-min-scaled.jpg\" data-elementor-open-lightbox=\"yes\" data-elementor-lightbox-slideshow=\"ac1fcbb\" data-e-action-hash=\"#elementor-action%3Aaction%3Dlightbox%26settings%3DeyJpZCI6MTQ5OSwidXJsIjoiaHR0cHM6XC9cL3Bhc2FqLnNpdmlsZHVzdW4ubmV0XC8xXC93cC1jb250ZW50XC91cGxvYWRzXC8yMDI0XC8xMlwvRFNGOTE1Ny1taW4tc2NhbGVkLmpwZyIsInNsaWRlc2hvdyI6ImFjMWZjYmIifQ%3D%3D\">\n\t\t\t\t\t<div class=\"e-gallery-image elementor-gallery-item__image\" data-thumbnail=\"https:\/\/pasaj.sivildusun.net\/1\/wp-content\/uploads\/2024\/12\/DSF9157-min-300x200.jpg\" data-width=\"300\" data-height=\"200\" aria-label=\"\" role=\"img\" ><\/div>\n\t\t\t\t\t\t\t\t\t\t\t<div class=\"elementor-gallery-item__overlay\"><\/div>\n\t\t\t\t\t\t\t\t\t\t\t\t\t\t<\/a>\n\t\t\t\t\t\t\t<a class=\"e-gallery-item elementor-gallery-item elementor-animated-content\" href=\"https:\/\/pasaj.sivildusun.net\/1\/wp-content\/uploads\/2024\/12\/DSF8931-min-scaled.jpg\" data-elementor-open-lightbox=\"yes\" data-elementor-lightbox-slideshow=\"ac1fcbb\" data-e-action-hash=\"#elementor-action%3Aaction%3Dlightbox%26settings%3DeyJpZCI6MTUwMCwidXJsIjoiaHR0cHM6XC9cL3Bhc2FqLnNpdmlsZHVzdW4ubmV0XC8xXC93cC1jb250ZW50XC91cGxvYWRzXC8yMDI0XC8xMlwvRFNGODkzMS1taW4tc2NhbGVkLmpwZyIsInNsaWRlc2hvdyI6ImFjMWZjYmIifQ%3D%3D\">\n\t\t\t\t\t<div class=\"e-gallery-image elementor-gallery-item__image\" data-thumbnail=\"https:\/\/pasaj.sivildusun.net\/1\/wp-content\/uploads\/2024\/12\/DSF8931-min-300x200.jpg\" data-width=\"300\" data-height=\"200\" aria-label=\"\" role=\"img\" ><\/div>\n\t\t\t\t\t\t\t\t\t\t\t<div class=\"elementor-gallery-item__overlay\"><\/div>\n\t\t\t\t\t\t\t\t\t\t\t\t\t\t<\/a>\n\t\t\t\t\t\t\t<a class=\"e-gallery-item elementor-gallery-item elementor-animated-content\" href=\"https:\/\/pasaj.sivildusun.net\/1\/wp-content\/uploads\/2024\/12\/DSF8926-min-scaled.jpg\" data-elementor-open-lightbox=\"yes\" data-elementor-lightbox-slideshow=\"ac1fcbb\" data-e-action-hash=\"#elementor-action%3Aaction%3Dlightbox%26settings%3DeyJpZCI6MTUwMSwidXJsIjoiaHR0cHM6XC9cL3Bhc2FqLnNpdmlsZHVzdW4ubmV0XC8xXC93cC1jb250ZW50XC91cGxvYWRzXC8yMDI0XC8xMlwvRFNGODkyNi1taW4tc2NhbGVkLmpwZyIsInNsaWRlc2hvdyI6ImFjMWZjYmIifQ%3D%3D\">\n\t\t\t\t\t<div class=\"e-gallery-image elementor-gallery-item__image\" data-thumbnail=\"https:\/\/pasaj.sivildusun.net\/1\/wp-content\/uploads\/2024\/12\/DSF8926-min-300x200.jpg\" data-width=\"300\" data-height=\"200\" aria-label=\"\" role=\"img\" ><\/div>\n\t\t\t\t\t\t\t\t\t\t\t<div class=\"elementor-gallery-item__overlay\"><\/div>\n\t\t\t\t\t\t\t\t\t\t\t\t\t\t<\/a>\n\t\t\t\t\t\t\t<a class=\"e-gallery-item elementor-gallery-item elementor-animated-content\" href=\"https:\/\/pasaj.sivildusun.net\/1\/wp-content\/uploads\/2024\/12\/DSF8912-min-scaled.jpg\" data-elementor-open-lightbox=\"yes\" data-elementor-lightbox-slideshow=\"ac1fcbb\" data-e-action-hash=\"#elementor-action%3Aaction%3Dlightbox%26settings%3DeyJpZCI6MTUwMiwidXJsIjoiaHR0cHM6XC9cL3Bhc2FqLnNpdmlsZHVzdW4ubmV0XC8xXC93cC1jb250ZW50XC91cGxvYWRzXC8yMDI0XC8xMlwvRFNGODkxMi1taW4tc2NhbGVkLmpwZyIsInNsaWRlc2hvdyI6ImFjMWZjYmIifQ%3D%3D\">\n\t\t\t\t\t<div class=\"e-gallery-image elementor-gallery-item__image\" data-thumbnail=\"https:\/\/pasaj.sivildusun.net\/1\/wp-content\/uploads\/2024\/12\/DSF8912-min-300x200.jpg\" data-width=\"300\" data-height=\"200\" aria-label=\"\" role=\"img\" ><\/div>\n\t\t\t\t\t\t\t\t\t\t\t<div class=\"elementor-gallery-item__overlay\"><\/div>\n\t\t\t\t\t\t\t\t\t\t\t\t\t\t<\/a>\n\t\t\t\t\t\t\t<a class=\"e-gallery-item elementor-gallery-item elementor-animated-content\" href=\"https:\/\/pasaj.sivildusun.net\/1\/wp-content\/uploads\/2024\/12\/DSF8792-min-scaled.jpg\" data-elementor-open-lightbox=\"yes\" data-elementor-lightbox-slideshow=\"ac1fcbb\" data-e-action-hash=\"#elementor-action%3Aaction%3Dlightbox%26settings%3DeyJpZCI6MTUwMywidXJsIjoiaHR0cHM6XC9cL3Bhc2FqLnNpdmlsZHVzdW4ubmV0XC8xXC93cC1jb250ZW50XC91cGxvYWRzXC8yMDI0XC8xMlwvRFNGODc5Mi1taW4tc2NhbGVkLmpwZyIsInNsaWRlc2hvdyI6ImFjMWZjYmIifQ%3D%3D\">\n\t\t\t\t\t<div class=\"e-gallery-image elementor-gallery-item__image\" data-thumbnail=\"https:\/\/pasaj.sivildusun.net\/1\/wp-content\/uploads\/2024\/12\/DSF8792-min-300x200.jpg\" data-width=\"300\" data-height=\"200\" aria-label=\"\" role=\"img\" ><\/div>\n\t\t\t\t\t\t\t\t\t\t\t<div class=\"elementor-gallery-item__overlay\"><\/div>\n\t\t\t\t\t\t\t\t\t\t\t\t\t\t<\/a>\n\t\t\t\t\t\t\t<a class=\"e-gallery-item elementor-gallery-item elementor-animated-content\" href=\"https:\/\/pasaj.sivildusun.net\/1\/wp-content\/uploads\/2024\/12\/DSF8692-min-scaled.jpg\" data-elementor-open-lightbox=\"yes\" data-elementor-lightbox-slideshow=\"ac1fcbb\" data-e-action-hash=\"#elementor-action%3Aaction%3Dlightbox%26settings%3DeyJpZCI6MTUwNCwidXJsIjoiaHR0cHM6XC9cL3Bhc2FqLnNpdmlsZHVzdW4ubmV0XC8xXC93cC1jb250ZW50XC91cGxvYWRzXC8yMDI0XC8xMlwvRFNGODY5Mi1taW4tc2NhbGVkLmpwZyIsInNsaWRlc2hvdyI6ImFjMWZjYmIifQ%3D%3D\">\n\t\t\t\t\t<div class=\"e-gallery-image elementor-gallery-item__image\" data-thumbnail=\"https:\/\/pasaj.sivildusun.net\/1\/wp-content\/uploads\/2024\/12\/DSF8692-min-300x200.jpg\" data-width=\"300\" data-height=\"200\" aria-label=\"\" role=\"img\" ><\/div>\n\t\t\t\t\t\t\t\t\t\t\t<div class=\"elementor-gallery-item__overlay\"><\/div>\n\t\t\t\t\t\t\t\t\t\t\t\t\t\t<\/a>\n\t\t\t\t\t\t\t<a class=\"e-gallery-item elementor-gallery-item elementor-animated-content\" href=\"https:\/\/pasaj.sivildusun.net\/1\/wp-content\/uploads\/2024\/12\/DSF8663-min-scaled.jpg\" data-elementor-open-lightbox=\"yes\" data-elementor-lightbox-slideshow=\"ac1fcbb\" data-e-action-hash=\"#elementor-action%3Aaction%3Dlightbox%26settings%3DeyJpZCI6MTUwNSwidXJsIjoiaHR0cHM6XC9cL3Bhc2FqLnNpdmlsZHVzdW4ubmV0XC8xXC93cC1jb250ZW50XC91cGxvYWRzXC8yMDI0XC8xMlwvRFNGODY2My1taW4tc2NhbGVkLmpwZyIsInNsaWRlc2hvdyI6ImFjMWZjYmIifQ%3D%3D\">\n\t\t\t\t\t<div class=\"e-gallery-image elementor-gallery-item__image\" data-thumbnail=\"https:\/\/pasaj.sivildusun.net\/1\/wp-content\/uploads\/2024\/12\/DSF8663-min-300x200.jpg\" data-width=\"300\" data-height=\"200\" aria-label=\"\" role=\"img\" ><\/div>\n\t\t\t\t\t\t\t\t\t\t\t<div class=\"elementor-gallery-item__overlay\"><\/div>\n\t\t\t\t\t\t\t\t\t\t\t\t\t\t<\/a>\n\t\t\t\t\t\t\t<a class=\"e-gallery-item elementor-gallery-item elementor-animated-content\" href=\"https:\/\/pasaj.sivildusun.net\/1\/wp-content\/uploads\/2024\/12\/DSF8625-min-scaled.jpg\" data-elementor-open-lightbox=\"yes\" data-elementor-lightbox-slideshow=\"ac1fcbb\" data-e-action-hash=\"#elementor-action%3Aaction%3Dlightbox%26settings%3DeyJpZCI6MTUwNiwidXJsIjoiaHR0cHM6XC9cL3Bhc2FqLnNpdmlsZHVzdW4ubmV0XC8xXC93cC1jb250ZW50XC91cGxvYWRzXC8yMDI0XC8xMlwvRFNGODYyNS1taW4tc2NhbGVkLmpwZyIsInNsaWRlc2hvdyI6ImFjMWZjYmIifQ%3D%3D\">\n\t\t\t\t\t<div class=\"e-gallery-image elementor-gallery-item__image\" data-thumbnail=\"https:\/\/pasaj.sivildusun.net\/1\/wp-content\/uploads\/2024\/12\/DSF8625-min-300x200.jpg\" data-width=\"300\" data-height=\"200\" aria-label=\"\" role=\"img\" ><\/div>\n\t\t\t\t\t\t\t\t\t\t\t<div class=\"elementor-gallery-item__overlay\"><\/div>\n\t\t\t\t\t\t\t\t\t\t\t\t\t\t<\/a>\n\t\t\t\t\t\t\t<a class=\"e-gallery-item elementor-gallery-item elementor-animated-content\" href=\"https:\/\/pasaj.sivildusun.net\/1\/wp-content\/uploads\/2024\/12\/DSF8527-min-scaled.jpg\" data-elementor-open-lightbox=\"yes\" data-elementor-lightbox-slideshow=\"ac1fcbb\" data-e-action-hash=\"#elementor-action%3Aaction%3Dlightbox%26settings%3DeyJpZCI6MTUwNywidXJsIjoiaHR0cHM6XC9cL3Bhc2FqLnNpdmlsZHVzdW4ubmV0XC8xXC93cC1jb250ZW50XC91cGxvYWRzXC8yMDI0XC8xMlwvRFNGODUyNy1taW4tc2NhbGVkLmpwZyIsInNsaWRlc2hvdyI6ImFjMWZjYmIifQ%3D%3D\">\n\t\t\t\t\t<div class=\"e-gallery-image elementor-gallery-item__image\" data-thumbnail=\"https:\/\/pasaj.sivildusun.net\/1\/wp-content\/uploads\/2024\/12\/DSF8527-min-300x200.jpg\" data-width=\"300\" data-height=\"200\" aria-label=\"\" role=\"img\" ><\/div>\n\t\t\t\t\t\t\t\t\t\t\t<div class=\"elementor-gallery-item__overlay\"><\/div>\n\t\t\t\t\t\t\t\t\t\t\t\t\t\t<\/a>\n\t\t\t\t\t\t\t<a class=\"e-gallery-item elementor-gallery-item elementor-animated-content\" href=\"https:\/\/pasaj.sivildusun.net\/1\/wp-content\/uploads\/2024\/12\/DSF8422-min-scaled.jpg\" data-elementor-open-lightbox=\"yes\" data-elementor-lightbox-slideshow=\"ac1fcbb\" data-e-action-hash=\"#elementor-action%3Aaction%3Dlightbox%26settings%3DeyJpZCI6MTUwOCwidXJsIjoiaHR0cHM6XC9cL3Bhc2FqLnNpdmlsZHVzdW4ubmV0XC8xXC93cC1jb250ZW50XC91cGxvYWRzXC8yMDI0XC8xMlwvRFNGODQyMi1taW4tc2NhbGVkLmpwZyIsInNsaWRlc2hvdyI6ImFjMWZjYmIifQ%3D%3D\">\n\t\t\t\t\t<div class=\"e-gallery-image elementor-gallery-item__image\" data-thumbnail=\"https:\/\/pasaj.sivildusun.net\/1\/wp-content\/uploads\/2024\/12\/DSF8422-min-300x200.jpg\" data-width=\"300\" data-height=\"200\" aria-label=\"\" role=\"img\" ><\/div>\n\t\t\t\t\t\t\t\t\t\t\t<div class=\"elementor-gallery-item__overlay\"><\/div>\n\t\t\t\t\t\t\t\t\t\t\t\t\t\t<\/a>\n\t\t\t\t\t\t\t<a class=\"e-gallery-item elementor-gallery-item elementor-animated-content\" href=\"https:\/\/pasaj.sivildusun.net\/1\/wp-content\/uploads\/2024\/12\/DSF8415-min-scaled.jpg\" data-elementor-open-lightbox=\"yes\" data-elementor-lightbox-slideshow=\"ac1fcbb\" data-e-action-hash=\"#elementor-action%3Aaction%3Dlightbox%26settings%3DeyJpZCI6MTUwOSwidXJsIjoiaHR0cHM6XC9cL3Bhc2FqLnNpdmlsZHVzdW4ubmV0XC8xXC93cC1jb250ZW50XC91cGxvYWRzXC8yMDI0XC8xMlwvRFNGODQxNS1taW4tc2NhbGVkLmpwZyIsInNsaWRlc2hvdyI6ImFjMWZjYmIifQ%3D%3D\">\n\t\t\t\t\t<div class=\"e-gallery-image elementor-gallery-item__image\" data-thumbnail=\"https:\/\/pasaj.sivildusun.net\/1\/wp-content\/uploads\/2024\/12\/DSF8415-min-300x200.jpg\" data-width=\"300\" data-height=\"200\" aria-label=\"\" role=\"img\" ><\/div>\n\t\t\t\t\t\t\t\t\t\t\t<div class=\"elementor-gallery-item__overlay\"><\/div>\n\t\t\t\t\t\t\t\t\t\t\t\t\t\t<\/a>\n\t\t\t\t\t\t\t<a class=\"e-gallery-item elementor-gallery-item elementor-animated-content\" href=\"https:\/\/pasaj.sivildusun.net\/1\/wp-content\/uploads\/2024\/12\/DSF8391-min-scaled.jpg\" data-elementor-open-lightbox=\"yes\" data-elementor-lightbox-slideshow=\"ac1fcbb\" data-e-action-hash=\"#elementor-action%3Aaction%3Dlightbox%26settings%3DeyJpZCI6MTUxMCwidXJsIjoiaHR0cHM6XC9cL3Bhc2FqLnNpdmlsZHVzdW4ubmV0XC8xXC93cC1jb250ZW50XC91cGxvYWRzXC8yMDI0XC8xMlwvRFNGODM5MS1taW4tc2NhbGVkLmpwZyIsInNsaWRlc2hvdyI6ImFjMWZjYmIifQ%3D%3D\">\n\t\t\t\t\t<div class=\"e-gallery-image elementor-gallery-item__image\" data-thumbnail=\"https:\/\/pasaj.sivildusun.net\/1\/wp-content\/uploads\/2024\/12\/DSF8391-min-300x200.jpg\" data-width=\"300\" data-height=\"200\" aria-label=\"\" role=\"img\" ><\/div>\n\t\t\t\t\t\t\t\t\t\t\t<div class=\"elementor-gallery-item__overlay\"><\/div>\n\t\t\t\t\t\t\t\t\t\t\t\t\t\t<\/a>\n\t\t\t\t\t\t\t<a class=\"e-gallery-item elementor-gallery-item elementor-animated-content\" href=\"https:\/\/pasaj.sivildusun.net\/1\/wp-content\/uploads\/2024\/12\/DSF8346-min-scaled.jpg\" data-elementor-open-lightbox=\"yes\" data-elementor-lightbox-slideshow=\"ac1fcbb\" data-e-action-hash=\"#elementor-action%3Aaction%3Dlightbox%26settings%3DeyJpZCI6MTUxMSwidXJsIjoiaHR0cHM6XC9cL3Bhc2FqLnNpdmlsZHVzdW4ubmV0XC8xXC93cC1jb250ZW50XC91cGxvYWRzXC8yMDI0XC8xMlwvRFNGODM0Ni1taW4tc2NhbGVkLmpwZyIsInNsaWRlc2hvdyI6ImFjMWZjYmIifQ%3D%3D\">\n\t\t\t\t\t<div class=\"e-gallery-image elementor-gallery-item__image\" data-thumbnail=\"https:\/\/pasaj.sivildusun.net\/1\/wp-content\/uploads\/2024\/12\/DSF8346-min-300x200.jpg\" data-width=\"300\" data-height=\"200\" aria-label=\"\" role=\"img\" ><\/div>\n\t\t\t\t\t\t\t\t\t\t\t<div class=\"elementor-gallery-item__overlay\"><\/div>\n\t\t\t\t\t\t\t\t\t\t\t\t\t\t<\/a>\n\t\t\t\t\t\t\t<a class=\"e-gallery-item elementor-gallery-item elementor-animated-content\" href=\"https:\/\/pasaj.sivildusun.net\/1\/wp-content\/uploads\/2024\/12\/DSF8332-min-scaled.jpg\" data-elementor-open-lightbox=\"yes\" data-elementor-lightbox-slideshow=\"ac1fcbb\" data-e-action-hash=\"#elementor-action%3Aaction%3Dlightbox%26settings%3DeyJpZCI6MTUxMiwidXJsIjoiaHR0cHM6XC9cL3Bhc2FqLnNpdmlsZHVzdW4ubmV0XC8xXC93cC1jb250ZW50XC91cGxvYWRzXC8yMDI0XC8xMlwvRFNGODMzMi1taW4tc2NhbGVkLmpwZyIsInNsaWRlc2hvdyI6ImFjMWZjYmIifQ%3D%3D\">\n\t\t\t\t\t<div class=\"e-gallery-image elementor-gallery-item__image\" data-thumbnail=\"https:\/\/pasaj.sivildusun.net\/1\/wp-content\/uploads\/2024\/12\/DSF8332-min-200x300.jpg\" data-width=\"200\" data-height=\"300\" aria-label=\"\" role=\"img\" ><\/div>\n\t\t\t\t\t\t\t\t\t\t\t<div class=\"elementor-gallery-item__overlay\"><\/div>\n\t\t\t\t\t\t\t\t\t\t\t\t\t\t<\/a>\n\t\t\t\t\t\t\t<a class=\"e-gallery-item elementor-gallery-item elementor-animated-content\" href=\"https:\/\/pasaj.sivildusun.net\/1\/wp-content\/uploads\/2024\/12\/DSF0101-min-scaled.jpg\" data-elementor-open-lightbox=\"yes\" data-elementor-lightbox-slideshow=\"ac1fcbb\" data-e-action-hash=\"#elementor-action%3Aaction%3Dlightbox%26settings%3DeyJpZCI6MTUxMywidXJsIjoiaHR0cHM6XC9cL3Bhc2FqLnNpdmlsZHVzdW4ubmV0XC8xXC93cC1jb250ZW50XC91cGxvYWRzXC8yMDI0XC8xMlwvRFNGMDEwMS1taW4tc2NhbGVkLmpwZyIsInNsaWRlc2hvdyI6ImFjMWZjYmIifQ%3D%3D\">\n\t\t\t\t\t<div class=\"e-gallery-image elementor-gallery-item__image\" data-thumbnail=\"https:\/\/pasaj.sivildusun.net\/1\/wp-content\/uploads\/2024\/12\/DSF0101-min-300x200.jpg\" data-width=\"300\" data-height=\"200\" aria-label=\"\" role=\"img\" ><\/div>\n\t\t\t\t\t\t\t\t\t\t\t<div class=\"elementor-gallery-item__overlay\"><\/div>\n\t\t\t\t\t\t\t\t\t\t\t\t\t\t<\/a>\n\t\t\t\t\t<\/div>\n\t\t\t\t\t<\/div>\n\t\t\t\t<\/div>\n\t\t\t\t\t<\/div>\n\t\t\t\t<\/div>\n\t\t\t\t<\/div>\n\t\t","protected":false},"excerpt":{"rendered":"<p>kimler kat\u0131ld\u0131 Sivil D\u00fc\u015f\u00fcn, PASAJ i\u00e7in bir a\u00e7\u0131k davet yay\u0131nlad\u0131. Bu davet; haklar yarar\u0131na d\u00fc\u015f\u00fcnen ve \u00e7al\u0131\u015fanlar, ulusal ve yerelde kar\u015f\u0131 kar\u015f\u0131ya oldu\u011fumuz sorunlar\u0131n d\u00fcnyadaki kar\u015f\u0131l\u0131\u011f\u0131n\u0131 merak edenler, de\u011fi\u015fim yolunda rol sahibi oldu\u011funa inananlar, hak savunuculu\u011funun yeni ve g\u00fc\u00e7lendirilmi\u015f yollar\u0131n\u0131 arayanlar i\u00e7indi. Gelen ba\u015fvurular Forum oturumlar\u0131n\u0131n verimli ge\u00e7mesini g\u00f6zeterek titizlikle de\u011ferlendirildi. De\u011ferlendirme yap\u0131l\u0131rken kat\u0131l\u0131mc\u0131lar\u0131n forum [&hellip;]<\/p>\n","protected":false},"author":2,"featured_media":0,"parent":0,"menu_order":0,"comment_status":"closed","ping_status":"closed","template":"","meta":{"footnotes":""},"class_list":["post-1492","page","type-page","status-publish","hentry"],"_links":{"self":[{"href":"https:\/\/pasaj.sivildusun.net\/1\/wp-json\/wp\/v2\/pages\/1492","targetHints":{"allow":["GET"]}}],"collection":[{"href":"https:\/\/pasaj.sivildusun.net\/1\/wp-json\/wp\/v2\/pages"}],"about":[{"href":"https:\/\/pasaj.sivildusun.net\/1\/wp-json\/wp\/v2\/types\/page"}],"author":[{"embeddable":true,"href":"https:\/\/pasaj.sivildusun.net\/1\/wp-json\/wp\/v2\/users\/2"}],"replies":[{"embeddable":true,"href":"https:\/\/pasaj.sivildusun.net\/1\/wp-json\/wp\/v2\/comments?post=1492"}],"version-history":[{"count":3,"href":"https:\/\/pasaj.sivildusun.net\/1\/wp-json\/wp\/v2\/pages\/1492\/revisions"}],"predecessor-version":[{"id":1516,"href":"https:\/\/pasaj.sivildusun.net\/1\/wp-json\/wp\/v2\/pages\/1492\/revisions\/1516"}],"wp:attachment":[{"href":"https:\/\/pasaj.sivildusun.net\/1\/wp-json\/wp\/v2\/media?parent=1492"}],"curies":[{"name":"wp","href":"https:\/\/api.w.org\/{rel}","templated":true}]}}