{"id":1355,"date":"2024-12-17T17:19:47","date_gmt":"2024-12-17T14:19:47","guid":{"rendered":"https:\/\/pasaj.sivildusun.net\/?page_id=1355"},"modified":"2024-12-19T12:03:19","modified_gmt":"2024-12-19T09:03:19","slug":"sorular","status":"publish","type":"page","link":"https:\/\/pasaj.sivildusun.net\/1\/sorular\/","title":{"rendered":"Sorular"},"content":{"rendered":"\t\t<div data-elementor-type=\"wp-page\" data-elementor-id=\"1355\" class=\"elementor elementor-1355\" data-elementor-post-type=\"page\">\n\t\t\t\t<div data-particle_enable=\"false\" data-particle-mobile-disabled=\"false\" class=\"elementor-element elementor-element-fb91663 e-flex e-con-boxed e-con e-parent\" data-id=\"fb91663\" data-element_type=\"container\">\n\t\t\t\t\t<div class=\"e-con-inner\">\n\t\t<div data-particle_enable=\"false\" data-particle-mobile-disabled=\"false\" class=\"elementor-element elementor-element-9a6178a e-con-full e-flex e-con e-child\" data-id=\"9a6178a\" data-element_type=\"container\">\n\t\t\t\t<div class=\"elementor-element elementor-element-3d64b0b elementor-widget elementor-widget-heading\" data-id=\"3d64b0b\" data-element_type=\"widget\" data-widget_type=\"heading.default\">\n\t\t\t\t<div class=\"elementor-widget-container\">\n\t\t\t\t\t<h2 class=\"elementor-heading-title elementor-size-default\">Sorular<\/h2>\t\t\t\t<\/div>\n\t\t\t\t<\/div>\n\t\t\t\t<\/div>\n\t\t\t\t<div class=\"elementor-element elementor-element-4547cef elementor-widget elementor-widget-text-editor\" data-id=\"4547cef\" data-element_type=\"widget\" data-widget_type=\"text-editor.default\">\n\t\t\t\t<div class=\"elementor-widget-container\">\n\t\t\t\t\t\t\t\t\t<p>PASAJda tart\u0131\u015ft\u0131\u011f\u0131m\u0131z sorular\u0131 a\u015fa\u011f\u0131 b\u0131rakt\u0131k, cevaplar\u0131n\u0131z\u0131 merakla bekliyoruz. Bu cevaplara Sivil D\u00fc\u015f\u00fcn\u2019\u00fcn Forum tart\u0131\u015fma odalar\u0131n\u0131n analizlerinden olu\u015fan makale koleksiyonunda yer vermeyi planl\u0131yoruz. Hadi sorulara g\u00f6z gezdirin ve bak\u0131\u015f a\u00e7\u0131lar\u0131n\u0131, gidi\u015f yollar\u0131n\u0131, gelecek \u00f6ng\u00f6r\u00fclerinizi bizimle payla\u015f\u0131n, insan haklar\u0131na bu PASAJdan ge\u00e7i\u015fte birlikte e\u015flik edelim.<\/p><p>\u0130stedi\u011finiz sorular\u0131 cevaplayarak yan\u0131t\u0131n\u0131z\u0131 g\u00f6nderebilirsiniz!<\/p>\t\t\t\t\t\t\t\t<\/div>\n\t\t\t\t<\/div>\n\t\t<div data-particle_enable=\"false\" data-particle-mobile-disabled=\"false\" class=\"elementor-element elementor-element-4473663 e-con-full e-flex e-con e-child\" data-id=\"4473663\" data-element_type=\"container\">\n\t\t\t\t<div class=\"elementor-element elementor-element-9389f81 elementor-button-align-stretch elementor-widget elementor-widget-form\" data-id=\"9389f81\" data-element_type=\"widget\" data-settings=\"{&quot;step_next_label&quot;:&quot;Next&quot;,&quot;step_previous_label&quot;:&quot;Previous&quot;,&quot;button_width&quot;:&quot;100&quot;,&quot;step_type&quot;:&quot;number_text&quot;,&quot;step_icon_shape&quot;:&quot;circle&quot;}\" data-widget_type=\"form.default\">\n\t\t\t\t<div class=\"elementor-widget-container\">\n\t\t\t\t\t\t\t<form class=\"elementor-form\" method=\"post\" name=\"Pasaj Sorular\" novalidate=\"\">\n\t\t\t<input type=\"hidden\" name=\"post_id\" value=\"1355\"\/>\n\t\t\t<input type=\"hidden\" name=\"form_id\" value=\"9389f81\"\/>\n\t\t\t<input type=\"hidden\" name=\"referer_title\" value=\"Sorular\" \/>\n\n\t\t\t\t\t\t\t<input type=\"hidden\" name=\"queried_id\" value=\"1355\"\/>\n\t\t\t\n\t\t\t<div class=\"elementor-form-fields-wrapper elementor-labels-above\">\n\t\t\t\t\t\t\t\t<div class=\"elementor-field-type-textarea elementor-field-group elementor-column elementor-field-group-field_ef14f6a elementor-col-100\">\n\t\t\t\t\t\t\t\t\t\t\t\t<label for=\"form-field-field_ef14f6a\" class=\"elementor-field-label\">\n\t\t\t\t\t\t\t\tUluslararas\u0131 d\u00fczene dair zorluklar T\u00fcrkiye\u2019de nas\u0131l \u015fekillenecek?\t\t\t\t\t\t\t<\/label>\n\t\t\t\t\t\t<textarea class=\"elementor-field-textual elementor-field  elementor-size-sm\" name=\"form_fields[field_ef14f6a]\" id=\"form-field-field_ef14f6a\" rows=\"4\"><\/textarea>\t\t\t\t<\/div>\n\t\t\t\t\t\t\t\t<div class=\"elementor-field-type-html elementor-field-group elementor-column elementor-field-group-field_06fc7c7 elementor-col-100\">\n\t\t\t\t\t<div style=\"padding:20px 0px\"><\/div>\t\t\t\t<\/div>\n\t\t\t\t\t\t\t\t<div class=\"elementor-field-type-textarea elementor-field-group elementor-column elementor-field-group-field_5734bd8 elementor-col-100\">\n\t\t\t\t\t\t\t\t\t\t\t\t<label for=\"form-field-field_5734bd8\" class=\"elementor-field-label\">\n\t\t\t\t\t\t\t\t\u0130nsan haklar\u0131 savunuculu\u011funun \u00f6ncelikleri, stratejileri ve taktikleri nas\u0131l etkilenecek?\t\t\t\t\t\t\t<\/label>\n\t\t\t\t\t\t<textarea class=\"elementor-field-textual elementor-field  elementor-size-sm\" name=\"form_fields[field_5734bd8]\" id=\"form-field-field_5734bd8\" rows=\"4\"><\/textarea>\t\t\t\t<\/div>\n\t\t\t\t\t\t\t\t<div class=\"elementor-field-type-html elementor-field-group elementor-column elementor-field-group-field_2d515f5 elementor-col-100\">\n\t\t\t\t\t<div style=\"padding:20px 0px\"><\/div>\t\t\t\t<\/div>\n\t\t\t\t\t\t\t\t<div class=\"elementor-field-type-textarea elementor-field-group elementor-column elementor-field-group-field_d9d7ea6 elementor-col-100\">\n\t\t\t\t\t\t\t\t\t\t\t\t<label for=\"form-field-field_d9d7ea6\" class=\"elementor-field-label\">\n\t\t\t\t\t\t\t\t\u0130klim krizi, gelir e\u015fitsizli\u011fi ve adil ge\u00e7i\u015fe y\u00f6nelik kayg\u0131lar T\u00fcrkiye'nin ko\u015fullar\u0131yla ne kadar ilgili?\t\t\t\t\t\t\t<\/label>\n\t\t\t\t\t\t<textarea class=\"elementor-field-textual elementor-field  elementor-size-sm\" name=\"form_fields[field_d9d7ea6]\" id=\"form-field-field_d9d7ea6\" rows=\"4\"><\/textarea>\t\t\t\t<\/div>\n\t\t\t\t\t\t\t\t<div class=\"elementor-field-type-html elementor-field-group elementor-column elementor-field-group-field_780bb26 elementor-col-100\">\n\t\t\t\t\t<div style=\"padding:20px 0px\"><\/div>\t\t\t\t<\/div>\n\t\t\t\t\t\t\t\t<div class=\"elementor-field-type-textarea elementor-field-group elementor-column elementor-field-group-field_a5615c5 elementor-col-100\">\n\t\t\t\t\t\t\t\t\t\t\t\t<label for=\"form-field-field_a5615c5\" class=\"elementor-field-label\">\n\t\t\t\t\t\t\t\tBu konular, kamuoyunun, siyasetin ve g\u00fcndelik ya\u015fam\u0131n g\u00fcndeminde mi?\t\t\t\t\t\t\t<\/label>\n\t\t\t\t\t\t<textarea class=\"elementor-field-textual elementor-field  elementor-size-sm\" name=\"form_fields[field_a5615c5]\" id=\"form-field-field_a5615c5\" rows=\"4\"><\/textarea>\t\t\t\t<\/div>\n\t\t\t\t\t\t\t\t<div class=\"elementor-field-type-html elementor-field-group elementor-column elementor-field-group-field_2e9c235 elementor-col-100\">\n\t\t\t\t\t<div style=\"padding:20px 0px\"><\/div>\t\t\t\t<\/div>\n\t\t\t\t\t\t\t\t<div class=\"elementor-field-type-textarea elementor-field-group elementor-column elementor-field-group-field_c260b6d elementor-col-100\">\n\t\t\t\t\t\t\t\t\t\t\t\t<label for=\"form-field-field_c260b6d\" class=\"elementor-field-label\">\n\t\t\t\t\t\t\t\tMevcut tablo insan haklar\u0131 savunuculu\u011fu i\u00e7in ne ifade ediyor?\t\t\t\t\t\t\t<\/label>\n\t\t\t\t\t\t<textarea class=\"elementor-field-textual elementor-field  elementor-size-sm\" name=\"form_fields[field_c260b6d]\" id=\"form-field-field_c260b6d\" rows=\"4\"><\/textarea>\t\t\t\t<\/div>\n\t\t\t\t\t\t\t\t<div class=\"elementor-field-type-html elementor-field-group elementor-column elementor-field-group-field_3528600 elementor-col-100\">\n\t\t\t\t\t<div style=\"padding:20px 0px\"><\/div>\t\t\t\t<\/div>\n\t\t\t\t\t\t\t\t<div class=\"elementor-field-type-textarea elementor-field-group elementor-column elementor-field-group-field_c760346 elementor-col-100\">\n\t\t\t\t\t\t\t\t\t\t\t\t<label for=\"form-field-field_c760346\" class=\"elementor-field-label\">\n\t\t\t\t\t\t\t\tTeknoloji T\u00fcrkiye\u2019de ya\u015fam\u0131 ve haklar\u0131 nas\u0131l etkiliyor?\t\t\t\t\t\t\t<\/label>\n\t\t\t\t\t\t<textarea class=\"elementor-field-textual elementor-field  elementor-size-sm\" name=\"form_fields[field_c760346]\" id=\"form-field-field_c760346\" rows=\"4\"><\/textarea>\t\t\t\t<\/div>\n\t\t\t\t\t\t\t\t<div class=\"elementor-field-type-html elementor-field-group elementor-column elementor-field-group-field_f4b1524 elementor-col-100\">\n\t\t\t\t\t<div style=\"padding:20px 0px\"><\/div>\t\t\t\t<\/div>\n\t\t\t\t\t\t\t\t<div class=\"elementor-field-type-textarea elementor-field-group elementor-column elementor-field-group-field_73a8bf4 elementor-col-100\">\n\t\t\t\t\t\t\t\t\t\t\t\t<label for=\"form-field-field_73a8bf4\" class=\"elementor-field-label\">\n\t\t\t\t\t\t\t\tYasalar ve mevzuat\u0131n durumu nedir? \t\t\t\t\t\t\t<\/label>\n\t\t\t\t\t\t<textarea class=\"elementor-field-textual elementor-field  elementor-size-sm\" name=\"form_fields[field_73a8bf4]\" id=\"form-field-field_73a8bf4\" rows=\"4\"><\/textarea>\t\t\t\t<\/div>\n\t\t\t\t\t\t\t\t<div class=\"elementor-field-type-html elementor-field-group elementor-column elementor-field-group-field_e7b9f44 elementor-col-100\">\n\t\t\t\t\t<div style=\"padding:20px 0px\"><\/div>\t\t\t\t<\/div>\n\t\t\t\t\t\t\t\t<div class=\"elementor-field-type-textarea elementor-field-group elementor-column elementor-field-group-field_6d8487a elementor-col-100\">\n\t\t\t\t\t\t\t\t\t\t\t\t<label for=\"form-field-field_6d8487a\" class=\"elementor-field-label\">\n\t\t\t\t\t\t\t\tYapay zeka ve di\u011fer teknolojik alanlardaki geli\u015fmeler nereye uzan\u0131yor?\t\t\t\t\t\t\t<\/label>\n\t\t\t\t\t\t<textarea class=\"elementor-field-textual elementor-field  elementor-size-sm\" name=\"form_fields[field_6d8487a]\" id=\"form-field-field_6d8487a\" rows=\"4\"><\/textarea>\t\t\t\t<\/div>\n\t\t\t\t\t\t\t\t<div class=\"elementor-field-type-html elementor-field-group elementor-column elementor-field-group-field_beda1d7 elementor-col-100\">\n\t\t\t\t\t<div style=\"padding:20px 0px\"><\/div>\t\t\t\t<\/div>\n\t\t\t\t\t\t\t\t<div class=\"elementor-field-type-textarea elementor-field-group elementor-column elementor-field-group-field_85038d5 elementor-col-100\">\n\t\t\t\t\t\t\t\t\t\t\t\t<label for=\"form-field-field_85038d5\" class=\"elementor-field-label\">\n\t\t\t\t\t\t\t\tTeknoloji, insan haklar\u0131 savunucular\u0131n\u0131n g\u00fcndeminde nerede duruyor?\t\t\t\t\t\t\t<\/label>\n\t\t\t\t\t\t<textarea class=\"elementor-field-textual elementor-field  elementor-size-sm\" name=\"form_fields[field_85038d5]\" id=\"form-field-field_85038d5\" rows=\"4\"><\/textarea>\t\t\t\t<\/div>\n\t\t\t\t\t\t\t\t<div class=\"elementor-field-type-html elementor-field-group elementor-column elementor-field-group-field_f6c4d62 elementor-col-100\">\n\t\t\t\t\t<div style=\"padding:20px 0px\"><\/div>\t\t\t\t<\/div>\n\t\t\t\t\t\t\t\t<div class=\"elementor-field-type-textarea elementor-field-group elementor-column elementor-field-group-field_8f1fce5 elementor-col-100\">\n\t\t\t\t\t\t\t\t\t\t\t\t<label for=\"form-field-field_8f1fce5\" class=\"elementor-field-label\">\n\t\t\t\t\t\t\t\tSavunuculuk ve ifade \u00f6zg\u00fcrl\u00fc\u011f\u00fcne alan a\u00e7mak i\u00e7in neler yapabiliriz?\t\t\t\t\t\t\t<\/label>\n\t\t\t\t\t\t<textarea class=\"elementor-field-textual elementor-field  elementor-size-sm\" name=\"form_fields[field_8f1fce5]\" id=\"form-field-field_8f1fce5\" rows=\"4\"><\/textarea>\t\t\t\t<\/div>\n\t\t\t\t\t\t\t\t<div class=\"elementor-field-type-html elementor-field-group elementor-column elementor-field-group-field_f5068bd elementor-col-100\">\n\t\t\t\t\t<div style=\"padding:20px 0px\"><\/div>\t\t\t\t<\/div>\n\t\t\t\t\t\t\t\t<div class=\"elementor-field-type-textarea elementor-field-group elementor-column elementor-field-group-field_7411ecd elementor-col-100\">\n\t\t\t\t\t\t\t\t\t\t\t\t<label for=\"form-field-field_7411ecd\" class=\"elementor-field-label\">\n\t\t\t\t\t\t\t\tStrateji ve taktikleri nas\u0131l yeniden ele al\u0131r, kendi \u00e7izdi\u011fimiz s\u0131n\u0131rlara nas\u0131l meydan okuruz?\t\t\t\t\t\t\t<\/label>\n\t\t\t\t\t\t<textarea class=\"elementor-field-textual elementor-field  elementor-size-sm\" name=\"form_fields[field_7411ecd]\" id=\"form-field-field_7411ecd\" rows=\"4\"><\/textarea>\t\t\t\t<\/div>\n\t\t\t\t\t\t\t\t<div class=\"elementor-field-type-html elementor-field-group elementor-column elementor-field-group-field_28bc793 elementor-col-100\">\n\t\t\t\t\t<div style=\"padding:20px 0px\"><\/div>\t\t\t\t<\/div>\n\t\t\t\t\t\t\t\t<div class=\"elementor-field-type-textarea elementor-field-group elementor-column elementor-field-group-field_9a8403a elementor-col-100\">\n\t\t\t\t\t\t\t\t\t\t\t\t<label for=\"form-field-field_9a8403a\" class=\"elementor-field-label\">\n\t\t\t\t\t\t\t\tBug\u00fcn ve gelecekteki se\u00e7eneklerimiz neler?\t\t\t\t\t\t\t<\/label>\n\t\t\t\t\t\t<textarea class=\"elementor-field-textual elementor-field  elementor-size-sm\" name=\"form_fields[field_9a8403a]\" id=\"form-field-field_9a8403a\" rows=\"4\"><\/textarea>\t\t\t\t<\/div>\n\t\t\t\t\t\t\t\t<div class=\"elementor-field-type-html elementor-field-group elementor-column elementor-field-group-field_b4bc075 elementor-col-100\">\n\t\t\t\t\t<div style=\"padding:20px 0px\"><\/div>\t\t\t\t<\/div>\n\t\t\t\t\t\t\t\t<div class=\"elementor-field-type-textarea elementor-field-group elementor-column elementor-field-group-field_7723a7a elementor-col-100\">\n\t\t\t\t\t\t\t\t\t\t\t\t<label for=\"form-field-field_7723a7a\" class=\"elementor-field-label\">\n\t\t\t\t\t\t\t\tAvrupa Birli\u011fi'nin \u015firketlerin insan haklar\u0131 ve \u00e7evreye olumsuz etkilerini tan\u0131mlamak, \u00f6nlemek, hafifletmek, sona erdirmek ve hesap verebilirli\u011fi sa\u011flamak ad\u0131na yay\u0131nlad\u0131\u011f\u0131 Kurumsal S\u00fcrd\u00fcr\u00fclebilirlik Durum Tespiti Direktifi (CSDDD) nedir?\t\t\t\t\t\t\t<\/label>\n\t\t\t\t\t\t<textarea class=\"elementor-field-textual elementor-field  elementor-size-sm\" name=\"form_fields[field_7723a7a]\" id=\"form-field-field_7723a7a\" rows=\"4\"><\/textarea>\t\t\t\t<\/div>\n\t\t\t\t\t\t\t\t<div class=\"elementor-field-type-html elementor-field-group elementor-column elementor-field-group-field_22ba011 elementor-col-100\">\n\t\t\t\t\t<div style=\"padding:20px 0px\"><\/div>\t\t\t\t<\/div>\n\t\t\t\t\t\t\t\t<div class=\"elementor-field-type-textarea elementor-field-group elementor-column elementor-field-group-field_3c36ded elementor-col-100\">\n\t\t\t\t\t\t\t\t\t\t\t\t<label for=\"form-field-field_3c36ded\" class=\"elementor-field-label\">\n\t\t\t\t\t\t\t\tKurumlara \u00f6zenli davranmalar\u0131 y\u00fck\u00fcml\u00fcl\u00fc\u011f\u00fcn\u00fc hat\u0131rlatan bu direktif ve di\u011fer uluslararas\u0131 politika ya da belgeler \u00f6zel sekt\u00f6r\u00fcn insan haklar\u0131 ve iklim g\u00fcndemindeki rol\u00fcn\u00fc nas\u0131l g\u00fc\u00e7lendirebilir?\t\t\t\t\t\t\t<\/label>\n\t\t\t\t\t\t<textarea class=\"elementor-field-textual elementor-field  elementor-size-sm\" name=\"form_fields[field_3c36ded]\" id=\"form-field-field_3c36ded\" rows=\"4\"><\/textarea>\t\t\t\t<\/div>\n\t\t\t\t\t\t\t\t<div class=\"elementor-field-type-html elementor-field-group elementor-column elementor-field-group-field_15d14ef elementor-col-100\">\n\t\t\t\t\t<div style=\"padding:20px 0px; background:#eeeeee\"><\/div>\t\t\t\t<\/div>\n\t\t\t\t\t\t\t\t<div class=\"elementor-field-type-text elementor-field-group elementor-column elementor-field-group-name elementor-col-100 elementor-field-required\">\n\t\t\t\t\t\t\t\t\t\t\t\t<label for=\"form-field-name\" class=\"elementor-field-label\">\n\t\t\t\t\t\t\t\t\u0130sim Soyisim\t\t\t\t\t\t\t<\/label>\n\t\t\t\t\t\t\t\t\t\t\t\t\t\t<input size=\"1\" type=\"text\" name=\"form_fields[name]\" id=\"form-field-name\" class=\"elementor-field elementor-size-sm  elementor-field-textual\" required=\"required\" aria-required=\"true\">\n\t\t\t\t\t\t\t\t\t\t\t<\/div>\n\t\t\t\t\t\t\t\t<div class=\"elementor-field-type-text elementor-field-group elementor-column elementor-field-group-field_4e423e4 elementor-col-100\">\n\t\t\t\t\t\t\t\t\t\t\t\t<label for=\"form-field-field_4e423e4\" class=\"elementor-field-label\">\n\t\t\t\t\t\t\t\tKurum\t\t\t\t\t\t\t<\/label>\n\t\t\t\t\t\t\t\t\t\t\t\t\t\t<input size=\"1\" type=\"text\" name=\"form_fields[field_4e423e4]\" id=\"form-field-field_4e423e4\" class=\"elementor-field elementor-size-sm  elementor-field-textual\">\n\t\t\t\t\t\t\t\t\t\t\t<\/div>\n\t\t\t\t\t\t\t\t<div class=\"elementor-field-type-text elementor-field-group elementor-column elementor-field-group-field_d2b5c19 elementor-col-100\">\n\t\t\t\t\t\t\t\t\t\t\t\t<label for=\"form-field-field_d2b5c19\" class=\"elementor-field-label\">\n\t\t\t\t\t\t\t\t\u00dcnvan\t\t\t\t\t\t\t<\/label>\n\t\t\t\t\t\t\t\t\t\t\t\t\t\t<input size=\"1\" type=\"text\" name=\"form_fields[field_d2b5c19]\" id=\"form-field-field_d2b5c19\" class=\"elementor-field elementor-size-sm  elementor-field-textual\">\n\t\t\t\t\t\t\t\t\t\t\t<\/div>\n\t\t\t\t\t\t\t\t<div class=\"elementor-field-group elementor-column elementor-field-type-submit elementor-col-100 e-form__buttons\">\n\t\t\t\t\t<button class=\"elementor-button elementor-size-sm\" type=\"submit\">\n\t\t\t\t\t\t<span class=\"elementor-button-content-wrapper\">\n\t\t\t\t\t\t\t\t\t\t\t\t\t\t\t\t\t\t\t\t\t\t<span class=\"elementor-button-text\">G\u00f6nder<\/span>\n\t\t\t\t\t\t\t\t\t\t\t\t\t<\/span>\n\t\t\t\t\t<\/button>\n\t\t\t\t<\/div>\n\t\t\t<\/div>\n\t\t<\/form>\n\t\t\t\t\t\t<\/div>\n\t\t\t\t<\/div>\n\t\t\t\t<\/div>\n\t\t\t\t\t<\/div>\n\t\t\t\t<\/div>\n\t\t<div data-particle_enable=\"false\" data-particle-mobile-disabled=\"false\" class=\"elementor-element elementor-element-7a87777 e-flex e-con-boxed e-con e-parent\" data-id=\"7a87777\" data-element_type=\"container\">\n\t\t\t\t\t<div class=\"e-con-inner\">\n\t\t\t\t\t<\/div>\n\t\t\t\t<\/div>\n\t\t\t\t<\/div>\n\t\t","protected":false},"excerpt":{"rendered":"<p>PASAJda tart\u0131\u015ft\u0131\u011f\u0131m\u0131z sorular\u0131 a\u015fa\u011f\u0131 b\u0131rakt\u0131k, cevaplar\u0131n\u0131z\u0131 merakla bekliyoruz. Bu cevaplara Sivil D\u00fc\u015f\u00fcn\u2019\u00fcn Forum tart\u0131\u015fma odalar\u0131n\u0131n analizlerinden olu\u015fan makale koleksiyonunda yer vermeyi planl\u0131yoruz. Hadi sorulara g\u00f6z gezdirin ve bak\u0131\u015f a\u00e7\u0131lar\u0131n\u0131, gidi\u015f yollar\u0131n\u0131, gelecek \u00f6ng\u00f6r\u00fclerinizi bizimle payla\u015f\u0131n, insan haklar\u0131na bu PASAJdan ge\u00e7i\u015fte birlikte e\u015flik edelim. \u0130stedi\u011finiz sorular\u0131 cevaplayarak yan\u0131t\u0131n\u0131z\u0131 g\u00f6nderebilirsiniz!<\/p>\n","protected":false},"author":1,"featured_media":0,"parent":0,"menu_order":0,"comment_status":"closed","ping_status":"closed","template":"","meta":{"footnotes":""},"class_list":["post-1355","page","type-page","status-publish","hentry"],"_links":{"self":[{"href":"https:\/\/pasaj.sivildusun.net\/1\/wp-json\/wp\/v2\/pages\/1355","targetHints":{"allow":["GET"]}}],"collection":[{"href":"https:\/\/pasaj.sivildusun.net\/1\/wp-json\/wp\/v2\/pages"}],"about":[{"href":"https:\/\/pasaj.sivildusun.net\/1\/wp-json\/wp\/v2\/types\/page"}],"author":[{"embeddable":true,"href":"https:\/\/pasaj.sivildusun.net\/1\/wp-json\/wp\/v2\/users\/1"}],"replies":[{"embeddable":true,"href":"https:\/\/pasaj.sivildusun.net\/1\/wp-json\/wp\/v2\/comments?post=1355"}],"version-history":[{"count":34,"href":"https:\/\/pasaj.sivildusun.net\/1\/wp-json\/wp\/v2\/pages\/1355\/revisions"}],"predecessor-version":[{"id":1544,"href":"https:\/\/pasaj.sivildusun.net\/1\/wp-json\/wp\/v2\/pages\/1355\/revisions\/1544"}],"wp:attachment":[{"href":"https:\/\/pasaj.sivildusun.net\/1\/wp-json\/wp\/v2\/media?parent=1355"}],"curies":[{"name":"wp","href":"https:\/\/api.w.org\/{rel}","templated":true}]}}