{"id":121,"date":"2024-10-17T01:39:45","date_gmt":"2024-10-16T22:39:45","guid":{"rendered":"https:\/\/pasaj.sivildusun.net\/?page_id=121"},"modified":"2024-10-30T15:51:15","modified_gmt":"2024-10-30T12:51:15","slug":"hikayemiz","status":"publish","type":"page","link":"https:\/\/pasaj.sivildusun.net\/1\/hikayemiz\/","title":{"rendered":"Hikayemiz"},"content":{"rendered":"\t\t<div data-elementor-type=\"wp-page\" data-elementor-id=\"121\" class=\"elementor elementor-121\" data-elementor-post-type=\"page\">\n\t\t\t\t<div data-particle_enable=\"false\" data-particle-mobile-disabled=\"false\" class=\"elementor-element elementor-element-0660746 e-flex e-con-boxed e-con e-parent\" data-id=\"0660746\" data-element_type=\"container\">\n\t\t\t\t\t<div class=\"e-con-inner\">\n\t\t\t\t<div class=\"elementor-element elementor-element-e14c4a8 elementor-widget elementor-widget-spacer\" data-id=\"e14c4a8\" data-element_type=\"widget\" data-widget_type=\"spacer.default\">\n\t\t\t\t<div class=\"elementor-widget-container\">\n\t\t\t\t\t\t\t<div class=\"elementor-spacer\">\n\t\t\t<div class=\"elementor-spacer-inner\"><\/div>\n\t\t<\/div>\n\t\t\t\t\t\t<\/div>\n\t\t\t\t<\/div>\n\t\t\t\t<div class=\"elementor-element elementor-element-8e79f0a elementor-widget elementor-widget-heading\" data-id=\"8e79f0a\" data-element_type=\"widget\" data-widget_type=\"heading.default\">\n\t\t\t\t<div class=\"elementor-widget-container\">\n\t\t\t\t\t<h2 class=\"elementor-heading-title elementor-size-default\">Hikayemiz<\/h2>\t\t\t\t<\/div>\n\t\t\t\t<\/div>\n\t\t\t\t<div class=\"elementor-element elementor-element-a95fe6d elementor-widget elementor-widget-text-editor\" data-id=\"a95fe6d\" data-element_type=\"widget\" data-widget_type=\"text-editor.default\">\n\t\t\t\t<div class=\"elementor-widget-container\">\n\t\t\t\t\t\t\t\t\t<p style=\"font-weight: 400;\"><span style=\"color: var( --e-global-color-text ); font-family: var( --e-global-typography-text-font-family ), Sans-serif; text-align: var(--text-align); font-size: 1rem;\">Bu y\u0131l\u0131n Sivil D\u00fc\u015f\u00fcn Forumu her sene 10 Aral\u0131k\u2019ta kutlanan \u0130nsan Haklar\u0131 G\u00fcn\u00fcne denk geliyor. 10 Aral\u0131k g\u00fcn\u00fc, \u0130nsan Haklar\u0131 Evrensel Beyannamesinin 1948 y\u0131l\u0131ndaki kabul\u00fcn\u00fcn y\u0131ld\u00f6n\u00fcm\u00fc olarak an\u0131l\u0131yor.<\/span><\/p><p style=\"font-weight: 400;\">\u0130nsan Haklar\u0131 Beyannamesi kayna\u011f\u0131n\u0131, insan haklar\u0131n\u0131n korunmas\u0131na dair evrensel ve ba\u011flay\u0131c\u0131 ilkelerin olu\u015fturulmas\u0131 ihtiyac\u0131ndan al\u0131yor. Bu metni imzalayan devletler; hem standartlar, normlar, yasalar, mekanizmalar, kurumlar ve akt\u00f6rlerden olu\u015fan bir haklar ekosisteminin kurulmas\u0131n\u0131 sa\u011flad\u0131lar hem de bu ekosistemin birer \u00fcyesi olman\u0131n gereklerini yerine getirmenin s\u00f6z\u00fcn\u00fc verdiler.<\/p><p style=\"font-weight: 400;\">G\u00fcn\u00fcm\u00fcz d\u00fcnyas\u0131, bu sistemin ortaya \u00e7\u0131kt\u0131\u011f\u0131 d\u00f6nemden farkl\u0131 ko\u015fullara sahip gibi g\u00f6r\u00fcnse de kendi krizleri, g\u00fc\u00e7l\u00fckleri ve karma\u015f\u0131kl\u0131\u011f\u0131 ile var oluyor. \u00c7oklu krizler \u00e7a\u011f\u0131 olarak an\u0131lan bu d\u00f6nem, k\u00fcresel \u00f6l\u00e7ekte birbiriyle yar\u0131\u015fan devasa sorunlar\u0131n g\u00f6lgesinde \u015fekilleniyor: Artan ekonomik e\u015fitsizlik, iklim de\u011fi\u015fikli\u011fi, demokrasinin zay\u0131flamas\u0131 ve dahas\u0131. T\u00fcm bunlar\u0131n yan\u0131nda teknoloji, g\u00fcnl\u00fck ya\u015famlar\u0131m\u0131zda vazge\u00e7ilmez roller \u00fcstlenmi\u015f, dijital evren kendi varl\u0131k sahas\u0131n\u0131 alabildi\u011fine geni\u015fletmi\u015f durumda.\u00a0<\/p><p style=\"font-weight: 400;\">Kad\u0131n haklar\u0131, ifade ve toplanma \u00f6zg\u00fcrl\u00fc\u011f\u00fc gibi alanlardaki geriye gidi\u015fler ya da devletin bu alanlarda g\u00fcc\u00fcn\u00fc kullanma bi\u00e7imi g\u00fcndemimiz olmay\u0131 elbette s\u00fcrd\u00fcrmeli. \u00d6te yandan, 76 y\u0131l \u00f6nce kurulan evrensel sistemin me\u015fruiyetini kan\u0131tlamas\u0131 i\u00e7in daha fazlas\u0131na ihtiya\u00e7 var: Bilinenden yeniye ge\u00e7i\u015f yapmay\u0131 s\u00fcrd\u00fcrd\u00fc\u011f\u00fcm\u00fcz bug\u00fcnlerde haklar\u0131n g\u00fcndemi de t\u00fcm d\u00fcnyan\u0131n deneyimledi\u011fi krizlere katk\u0131 sunabilir olmal\u0131. Bu da insan haklar\u0131 sistemini s\u00fcrekli olarak \u00f6\u011frenen, geli\u015fen, kendi temellerini korurken yeni ko\u015fullara esneklik de g\u00f6sterebilen bir yap\u0131ya kavu\u015fturmakla m\u00fcmk\u00fcn.\u00a0<\/p><p style=\"font-weight: 400;\">Sivil D\u00fc\u015f\u00fcn y\u0131llard\u0131r bak\u0131\u015f a\u00e7\u0131s\u0131, fikir ve y\u00f6ntemleri de\u011fi\u015f toku\u015f ettiren, hem tart\u0131\u015fman\u0131n hem yeni i\u015f birliklerinin f\u0131rsatlar\u0131n\u0131 ke\u015ffettiren forumlar d\u00fczenleyerek ge\u00e7mi\u015ften gelece\u011fe bir yolculuk i\u00e7inde konu\u015fma alanlar\u0131 a\u00e7\u0131yor. 10 Aral\u0131k \u0130nsan Haklar\u0131 G\u00fcn\u00fc de, ge\u00e7mi\u015fin yans\u0131malar\u0131n\u0131 bug\u00fcn yeniden de\u011ferlendirip gelece\u011fe y\u00f6nelik bir yol \u00e7izmek ad\u0131na PASAJ Forumunun ger\u00e7ekle\u015fece\u011fi tarih olacak.<\/p>\t\t\t\t\t\t\t\t<\/div>\n\t\t\t\t<\/div>\n\t\t\t\t<div class=\"elementor-element elementor-element-1b8d381 elementor-widget elementor-widget-spacer\" data-id=\"1b8d381\" data-element_type=\"widget\" data-widget_type=\"spacer.default\">\n\t\t\t\t<div class=\"elementor-widget-container\">\n\t\t\t\t\t\t\t<div class=\"elementor-spacer\">\n\t\t\t<div class=\"elementor-spacer-inner\"><\/div>\n\t\t<\/div>\n\t\t\t\t\t\t<\/div>\n\t\t\t\t<\/div>\n\t\t\t\t\t<\/div>\n\t\t\t\t<\/div>\n\t\t\t\t<\/div>\n\t\t","protected":false},"excerpt":{"rendered":"<p>Hikayemiz Bu y\u0131l\u0131n Sivil D\u00fc\u015f\u00fcn Forumu her sene 10 Aral\u0131k\u2019ta kutlanan \u0130nsan Haklar\u0131 G\u00fcn\u00fcne denk geliyor. 10 Aral\u0131k g\u00fcn\u00fc, \u0130nsan Haklar\u0131 Evrensel Beyannamesinin 1948 y\u0131l\u0131ndaki kabul\u00fcn\u00fcn y\u0131ld\u00f6n\u00fcm\u00fc olarak an\u0131l\u0131yor. \u0130nsan Haklar\u0131 Beyannamesi kayna\u011f\u0131n\u0131, insan haklar\u0131n\u0131n korunmas\u0131na dair evrensel ve ba\u011flay\u0131c\u0131 ilkelerin olu\u015fturulmas\u0131 ihtiyac\u0131ndan al\u0131yor. Bu metni imzalayan devletler; hem standartlar, normlar, yasalar, mekanizmalar, kurumlar ve [&hellip;]<\/p>\n","protected":false},"author":2,"featured_media":0,"parent":0,"menu_order":0,"comment_status":"closed","ping_status":"closed","template":"","meta":{"footnotes":""},"class_list":["post-121","page","type-page","status-publish","hentry"],"_links":{"self":[{"href":"https:\/\/pasaj.sivildusun.net\/1\/wp-json\/wp\/v2\/pages\/121","targetHints":{"allow":["GET"]}}],"collection":[{"href":"https:\/\/pasaj.sivildusun.net\/1\/wp-json\/wp\/v2\/pages"}],"about":[{"href":"https:\/\/pasaj.sivildusun.net\/1\/wp-json\/wp\/v2\/types\/page"}],"author":[{"embeddable":true,"href":"https:\/\/pasaj.sivildusun.net\/1\/wp-json\/wp\/v2\/users\/2"}],"replies":[{"embeddable":true,"href":"https:\/\/pasaj.sivildusun.net\/1\/wp-json\/wp\/v2\/comments?post=121"}],"version-history":[{"count":29,"href":"https:\/\/pasaj.sivildusun.net\/1\/wp-json\/wp\/v2\/pages\/121\/revisions"}],"predecessor-version":[{"id":527,"href":"https:\/\/pasaj.sivildusun.net\/1\/wp-json\/wp\/v2\/pages\/121\/revisions\/527"}],"wp:attachment":[{"href":"https:\/\/pasaj.sivildusun.net\/1\/wp-json\/wp\/v2\/media?parent=121"}],"curies":[{"name":"wp","href":"https:\/\/api.w.org\/{rel}","templated":true}]}}